{"id":11095,"date":"2023-03-14T11:00:21","date_gmt":"2023-03-14T11:00:21","guid":{"rendered":"https:\/\/servitis.com\/?page_id=11095"},"modified":"2023-03-14T14:57:27","modified_gmt":"2023-03-14T14:57:27","slug":"test","status":"publish","type":"page","link":"https:\/\/servitis.com\/en\/test\/","title":{"rendered":"Test"},"content":{"rendered":"\t\t<div data-elementor-type=\"wp-page\" data-elementor-id=\"11095\" class=\"elementor elementor-11095\" data-elementor-post-type=\"page\">\n\t\t\t\t\t\t<section class=\"elementor-section elementor-top-section elementor-element elementor-element-ae312c3 elementor-section-full_width elementor-section-height-min-height elementor-section-stretched elementor-section-height-default elementor-section-items-middle\" data-id=\"ae312c3\" data-element_type=\"section\" data-e-type=\"section\" id=\"footer\" data-settings=\"{&quot;stretch_section&quot;:&quot;section-stretched&quot;,&quot;background_background&quot;:&quot;classic&quot;}\">\n\t\t\t\t\t\t<div class=\"elementor-container elementor-column-gap-default\">\n\t\t\t\t\t<div class=\"elementor-column elementor-col-100 elementor-top-column elementor-element elementor-element-ae2c6b5\" data-id=\"ae2c6b5\" data-element_type=\"column\" data-e-type=\"column\" id=\"newstter\">\n\t\t\t<div class=\"elementor-widget-wrap elementor-element-populated\">\n\t\t\t\t\t\t<section class=\"elementor-section elementor-inner-section elementor-element elementor-element-a00d5bd elementor-section-boxed elementor-section-height-default elementor-section-height-default\" data-id=\"a00d5bd\" data-element_type=\"section\" data-e-type=\"section\" id=\"footer1\" data-settings=\"{&quot;background_background&quot;:&quot;classic&quot;}\">\n\t\t\t\t\t\t<div class=\"elementor-container elementor-column-gap-default\">\n\t\t\t\t\t<div class=\"elementor-column elementor-col-50 elementor-inner-column elementor-element elementor-element-97eca42\" data-id=\"97eca42\" data-element_type=\"column\" data-e-type=\"column\">\n\t\t\t<div class=\"elementor-widget-wrap elementor-element-populated\">\n\t\t\t\t\t\t<div class=\"elementor-element elementor-element-12b09d5 elementor-widget elementor-widget-image\" data-id=\"12b09d5\" data-element_type=\"widget\" data-e-type=\"widget\" id=\"newsletter-img\" data-widget_type=\"image.default\">\n\t\t\t\t<div class=\"elementor-widget-container\">\n\t\t\t\t\t\t\t\t\t\t\t\t\t\t\t<img fetchpriority=\"high\" decoding=\"async\" width=\"1200\" height=\"800\" src=\"https:\/\/servitis.com\/wp-content\/uploads\/2023\/03\/acy-newsletter-image.jpg\" class=\"attachment-full size-full wp-image-11114\" alt=\"\" srcset=\"https:\/\/servitis.com\/wp-content\/uploads\/2023\/03\/acy-newsletter-image.jpg 1200w, https:\/\/servitis.com\/wp-content\/uploads\/2023\/03\/acy-newsletter-image-300x200.jpg 300w, https:\/\/servitis.com\/wp-content\/uploads\/2023\/03\/acy-newsletter-image-1024x683.jpg 1024w, https:\/\/servitis.com\/wp-content\/uploads\/2023\/03\/acy-newsletter-image-768x512.jpg 768w, https:\/\/servitis.com\/wp-content\/uploads\/2023\/03\/acy-newsletter-image-16x12.jpg 16w\" sizes=\"(max-width: 1200px) 100vw, 1200px\" \/>\t\t\t\t\t\t\t\t\t\t\t\t\t\t\t<\/div>\n\t\t\t\t<\/div>\n\t\t\t\t\t<\/div>\n\t\t<\/div>\n\t\t\t\t<div class=\"elementor-column elementor-col-50 elementor-inner-column elementor-element elementor-element-04b4381\" data-id=\"04b4381\" data-element_type=\"column\" data-e-type=\"column\">\n\t\t\t<div class=\"elementor-widget-wrap elementor-element-populated\">\n\t\t\t\t\t\t<div class=\"elementor-element elementor-element-1c25ae5 elementor-widget elementor-widget-heading\" data-id=\"1c25ae5\" data-element_type=\"widget\" data-e-type=\"widget\" data-widget_type=\"heading.default\">\n\t\t\t\t<div class=\"elementor-widget-container\">\n\t\t\t\t\t<h2 class=\"elementor-heading-title elementor-size-default\">Abonnez-vous \u00e0 notre newsletter pour rester inform\u00e9s de l'actualit\u00e9 du monde digital<\/h2>\t\t\t\t<\/div>\n\t\t\t\t<\/div>\n\t\t\t\t<div class=\"elementor-element elementor-element-6455545 elementor-widget elementor-widget-acy_sub_form\" data-id=\"6455545\" data-element_type=\"widget\" data-e-type=\"widget\" id=\"newsletter\" data-widget_type=\"acy_sub_form.default\">\n\t\t\t\t<div class=\"elementor-widget-container\">\n\t\t\t\t\t<style>#acym_module_formAcym98621 .acysubbuttons .subbutton {border-style: solid;}<\/style><script type=\"text\/javascript\">\n                window.addEventListener('DOMContentLoaded', (event) => {\nacymModule['excludeValuesformAcym98621'] = [];\nacymModule[\"excludeValuesformAcym98621\"][\"2\"] = \"Email\";  });\n                <\/script>\t<div class=\"acym_module \" id=\"acym_module_formAcym98621\">\n\t\t<div class=\"acym_fulldiv\" id=\"acym_fulldiv_formAcym98621\" >\n\t\t\t<form enctype=\"multipart\/form-data\"\n\t\t\t\t  id=\"formAcym98621\"\n\t\t\t\t  name=\"formAcym98621\"\n\t\t\t\t  method=\"POST\"\n\t\t\t\t  action=\"https:\/\/servitis.com\/index.php?page=acymailing_front&amp;ctrl=frontusers&amp;noheader=1\"\n\t\t\t\t  onsubmit=\"return submitAcymForm('subscribe','formAcym98621')\">\n\t\t\t\t<div class=\"acym_module_form\">\n                    \n<div class=\"acym_form\">\n    <div class=\"onefield fieldacy2 acyfield_text\" id=\"field_2\"><input autocomplete=\"email\" id=\"email_field_590\"  name=\"user[email]\" placeholder=\"Email\" aria-label=\"Email\" value=\"\" data-authorized-content=\"{&quot;0&quot;:&quot;all&quot;,&quot;regex&quot;:&quot;&quot;,&quot;message&quot;:&quot;Incorrect value for the field Email&quot;}\" required type=\"email\" class=\"cell acym__user__edit__email\"><div class=\"acym__field__error__block\" data-acym-field-id=\"2\"><\/div><\/div><\/div>\n\n<p class=\"acysubbuttons\">\n\t<noscript>\n        Please enable the javascript to submit this form\t<\/noscript>\n    \t<button type=\"submit\"\n\t\t\tclass=\"btn btn-primary button subbutton\"\n\t\t\tonclick=\"try{ return submitAcymForm(&quot;subscribe&quot;,&quot;formAcym98621&quot;, &quot;acymSubmitSubForm&quot;); }catch(err){alert(&quot;The form could not be submitted &quot;+err);return false;}\">\n        S&#039;ABONNER\t<\/button>\n    <\/p>\n\t\t\t\t<\/div>\n\n\t\t\t\t<input type=\"hidden\" name=\"ctrl\" value=\"frontusers\" \/>\n\t\t\t\t<input type=\"hidden\" name=\"task\" value=\"notask\" \/>\n\t\t\t\t<input type=\"hidden\" name=\"option\" value=\"acymailing\" \/>\n\n                \t\t\t\t<input type=\"hidden\" name=\"ajax\" value=\"1\" \/>\n\t\t\t\t<input type=\"hidden\" name=\"successmode\" value=\"replace\" \/>\n\t\t\t\t<input type=\"hidden\" name=\"acy_source\" value=\"elementor_subscription_form\" \/>\n\t\t\t\t<input type=\"hidden\" name=\"hiddenlists\" value=\"19,20,21,22,23,24,25,26,27,28,29,31,32,33,34,35,36\" \/>\n\t\t\t\t<input type=\"hidden\" name=\"acyformname\" value=\"formAcym98621\" \/>\n\t\t\t\t<input type=\"hidden\" name=\"acysubmode\" value=\"widget_acym\" \/>\n\t\t\t\t<input type=\"hidden\" name=\"confirmation_message\" value=\"\" \/>\n\n                \t\t\t<\/form>\n\t\t<\/div>\n\t<\/div>\n    \t\t\t\t<\/div>\n\t\t\t\t<\/div>\n\t\t\t\t\t<\/div>\n\t\t<\/div>\n\t\t\t\t\t<\/div>\n\t\t<\/section>\n\t\t\t\t\t<\/div>\n\t\t<\/div>\n\t\t\t\t\t<\/div>\n\t\t<\/section>\n\t\t\t\t<\/div>\n\t\t","protected":false},"excerpt":{"rendered":"<p>Abonnez-vous \u00e0 notre newsletter pour rester inform\u00e9s de l&rsquo;actualit\u00e9 du monde digital Please enable the javascript to submit this form<\/p>","protected":false},"author":1,"featured_media":0,"parent":0,"menu_order":0,"comment_status":"closed","ping_status":"closed","template":"","meta":{"inline_featured_image":false,"site-sidebar-layout":"no-sidebar","site-content-layout":"page-builder","ast-site-content-layout":"default","site-content-style":"default","site-sidebar-style":"default","ast-global-header-display":"","ast-banner-title-visibility":"","ast-main-header-display":"","ast-hfb-above-header-display":"","ast-hfb-below-header-display":"","ast-hfb-mobile-header-display":"","site-post-title":"disabled","ast-breadcrumbs-content":"","ast-featured-img":"disabled","footer-sml-layout":"","ast-disable-related-posts":"","theme-transparent-header-meta":"","adv-header-id-meta":"","stick-header-meta":"","header-above-stick-meta":"","header-main-stick-meta":"","header-below-stick-meta":"","astra-migrate-meta-layouts":"default","ast-page-background-enabled":"default","ast-page-background-meta":{"desktop":{"background-color":"","background-image":"","background-repeat":"repeat","background-position":"center center","background-size":"auto","background-attachment":"scroll","background-type":"","background-media":"","overlay-type":"","overlay-color":"","overlay-opacity":"","overlay-gradient":""},"tablet":{"background-color":"","background-image":"","background-repeat":"repeat","background-position":"center center","background-size":"auto","background-attachment":"scroll","background-type":"","background-media":"","overlay-type":"","overlay-color":"","overlay-opacity":"","overlay-gradient":""},"mobile":{"background-color":"","background-image":"","background-repeat":"repeat","background-position":"center center","background-size":"auto","background-attachment":"scroll","background-type":"","background-media":"","overlay-type":"","overlay-color":"","overlay-opacity":"","overlay-gradient":""}},"ast-content-background-meta":{"desktop":{"background-color":"var(--ast-global-color-5)","background-image":"","background-repeat":"repeat","background-position":"center center","background-size":"auto","background-attachment":"scroll","background-type":"","background-media":"","overlay-type":"","overlay-color":"","overlay-opacity":"","overlay-gradient":""},"tablet":{"background-color":"var(--ast-global-color-5)","background-image":"","background-repeat":"repeat","background-position":"center center","background-size":"auto","background-attachment":"scroll","background-type":"","background-media":"","overlay-type":"","overlay-color":"","overlay-opacity":"","overlay-gradient":""},"mobile":{"background-color":"var(--ast-global-color-5)","background-image":"","background-repeat":"repeat","background-position":"center center","background-size":"auto","background-attachment":"scroll","background-type":"","background-media":"","overlay-type":"","overlay-color":"","overlay-opacity":"","overlay-gradient":""}},"footnotes":""},"class_list":["post-11095","page","type-page","status-publish","hentry"],"yoast_head":"<!-- This site is optimized with the Yoast SEO Premium plugin v26.5 (Yoast SEO v27.2) - https:\/\/yoast.com\/product\/yoast-seo-premium-wordpress\/ -->\n<title>Test - Servitis - Developpeur et int\u00e9grateur de solutions informatiques, Abidjan, Cote d\u2019Ivoire<\/title>\n<meta name=\"robots\" content=\"index, follow, max-snippet:-1, max-image-preview:large, max-video-preview:-1\" \/>\n<link rel=\"canonical\" href=\"https:\/\/servitis.com\/en\/test\/\" \/>\n<meta property=\"og:locale\" content=\"en_GB\" \/>\n<meta property=\"og:type\" content=\"article\" \/>\n<meta property=\"og:title\" content=\"Test\" \/>\n<meta property=\"og:description\" content=\"Abonnez-vous \u00e0 notre newsletter pour rester inform\u00e9s de l&rsquo;actualit\u00e9 du monde digital Please enable the javascript to submit this form\" \/>\n<meta property=\"og:url\" content=\"https:\/\/servitis.com\/en\/test\/\" \/>\n<meta property=\"og:site_name\" content=\"Servitis - Developpeur et int\u00e9grateur de solutions informatiques, Abidjan, Cote d\u2019Ivoire\" \/>\n<meta property=\"article:modified_time\" content=\"2023-03-14T14:57:27+00:00\" \/>\n<meta property=\"og:image\" content=\"https:\/\/servitis.com\/wp-content\/uploads\/2023\/03\/acy-newsletter-image.jpg\" \/>\n<meta name=\"twitter:card\" content=\"summary_large_image\" \/>\n<meta name=\"twitter:label1\" content=\"Estimated reading time\" \/>\n\t<meta name=\"twitter:data1\" content=\"1 minute\" \/>\n<script type=\"application\/ld+json\" class=\"yoast-schema-graph\">{\"@context\":\"https:\/\/schema.org\",\"@graph\":[{\"@type\":\"WebPage\",\"@id\":\"https:\/\/servitis.com\/test\/\",\"url\":\"https:\/\/servitis.com\/test\/\",\"name\":\"Test - Servitis - Developpeur et int\u00e9grateur de solutions informatiques, Abidjan, Cote d\u2019Ivoire\",\"isPartOf\":{\"@id\":\"https:\/\/servitis.com\/#website\"},\"primaryImageOfPage\":{\"@id\":\"https:\/\/servitis.com\/test\/#primaryimage\"},\"image\":{\"@id\":\"https:\/\/servitis.com\/test\/#primaryimage\"},\"thumbnailUrl\":\"https:\/\/servitis.com\/wp-content\/uploads\/2023\/03\/acy-newsletter-image.jpg\",\"datePublished\":\"2023-03-14T11:00:21+00:00\",\"dateModified\":\"2023-03-14T14:57:27+00:00\",\"breadcrumb\":{\"@id\":\"https:\/\/servitis.com\/test\/#breadcrumb\"},\"inLanguage\":\"en-GB\",\"potentialAction\":[{\"@type\":\"ReadAction\",\"target\":[\"https:\/\/servitis.com\/test\/\"]}]},{\"@type\":\"ImageObject\",\"inLanguage\":\"en-GB\",\"@id\":\"https:\/\/servitis.com\/test\/#primaryimage\",\"url\":\"https:\/\/servitis.com\/wp-content\/uploads\/2023\/03\/acy-newsletter-image.jpg\",\"contentUrl\":\"https:\/\/servitis.com\/wp-content\/uploads\/2023\/03\/acy-newsletter-image.jpg\"},{\"@type\":\"BreadcrumbList\",\"@id\":\"https:\/\/servitis.com\/test\/#breadcrumb\",\"itemListElement\":[{\"@type\":\"ListItem\",\"position\":1,\"name\":\"Home\",\"item\":\"https:\/\/servitis.com\/\"},{\"@type\":\"ListItem\",\"position\":2,\"name\":\"Test\"}]},{\"@type\":\"WebSite\",\"@id\":\"https:\/\/servitis.com\/#website\",\"url\":\"https:\/\/servitis.com\/\",\"name\":\"Servitis - Developpeur et int\u00e9grateur de solutions informatiques, Abidjan, Cote d\u2019Ivoire\",\"description\":\"Accueil\",\"publisher\":{\"@id\":\"https:\/\/servitis.com\/#organization\"},\"potentialAction\":[{\"@type\":\"SearchAction\",\"target\":{\"@type\":\"EntryPoint\",\"urlTemplate\":\"https:\/\/servitis.com\/?s={search_term_string}\"},\"query-input\":{\"@type\":\"PropertyValueSpecification\",\"valueRequired\":true,\"valueName\":\"search_term_string\"}}],\"inLanguage\":\"en-GB\"},{\"@type\":\"Organization\",\"@id\":\"https:\/\/servitis.com\/#organization\",\"name\":\"Servitis - Developpeur et int\u00e9grateur de solutions informatiques, Abidjan, Cote d\u2019Ivoire\",\"url\":\"https:\/\/servitis.com\/\",\"logo\":{\"@type\":\"ImageObject\",\"inLanguage\":\"en-GB\",\"@id\":\"https:\/\/servitis.com\/#\/schema\/logo\/image\/\",\"url\":\"https:\/\/servitis.com\/wp-content\/uploads\/2021\/06\/Servitis\u00ae.svg\",\"contentUrl\":\"https:\/\/servitis.com\/wp-content\/uploads\/2021\/06\/Servitis\u00ae.svg\",\"width\":141,\"height\":29,\"caption\":\"Servitis - Developpeur et int\u00e9grateur de solutions informatiques, Abidjan, Cote d\u2019Ivoire\"},\"image\":{\"@id\":\"https:\/\/servitis.com\/#\/schema\/logo\/image\/\"}}]}<\/script>\n<!-- \/ Yoast SEO Premium plugin. -->","yoast_head_json":{"title":"Test - Servitis - Developpeur et int\u00e9grateur de solutions informatiques, Abidjan, Cote d\u2019Ivoire","robots":{"index":"index","follow":"follow","max-snippet":"max-snippet:-1","max-image-preview":"max-image-preview:large","max-video-preview":"max-video-preview:-1"},"canonical":"https:\/\/servitis.com\/en\/test\/","og_locale":"en_GB","og_type":"article","og_title":"Test","og_description":"Abonnez-vous \u00e0 notre newsletter pour rester inform\u00e9s de l&rsquo;actualit\u00e9 du monde digital Please enable the javascript to submit this form","og_url":"https:\/\/servitis.com\/en\/test\/","og_site_name":"Servitis - Developpeur et int\u00e9grateur de solutions informatiques, Abidjan, Cote d\u2019Ivoire","article_modified_time":"2023-03-14T14:57:27+00:00","og_image":[{"url":"https:\/\/servitis.com\/wp-content\/uploads\/2023\/03\/acy-newsletter-image.jpg","type":"","width":"","height":""}],"twitter_card":"summary_large_image","twitter_misc":{"Estimated reading time":"1 minute"},"schema":{"@context":"https:\/\/schema.org","@graph":[{"@type":"WebPage","@id":"https:\/\/servitis.com\/test\/","url":"https:\/\/servitis.com\/test\/","name":"Test - Servitis - Developpeur et int\u00e9grateur de solutions informatiques, Abidjan, Cote d\u2019Ivoire","isPartOf":{"@id":"https:\/\/servitis.com\/#website"},"primaryImageOfPage":{"@id":"https:\/\/servitis.com\/test\/#primaryimage"},"image":{"@id":"https:\/\/servitis.com\/test\/#primaryimage"},"thumbnailUrl":"https:\/\/servitis.com\/wp-content\/uploads\/2023\/03\/acy-newsletter-image.jpg","datePublished":"2023-03-14T11:00:21+00:00","dateModified":"2023-03-14T14:57:27+00:00","breadcrumb":{"@id":"https:\/\/servitis.com\/test\/#breadcrumb"},"inLanguage":"en-GB","potentialAction":[{"@type":"ReadAction","target":["https:\/\/servitis.com\/test\/"]}]},{"@type":"ImageObject","inLanguage":"en-GB","@id":"https:\/\/servitis.com\/test\/#primaryimage","url":"https:\/\/servitis.com\/wp-content\/uploads\/2023\/03\/acy-newsletter-image.jpg","contentUrl":"https:\/\/servitis.com\/wp-content\/uploads\/2023\/03\/acy-newsletter-image.jpg"},{"@type":"BreadcrumbList","@id":"https:\/\/servitis.com\/test\/#breadcrumb","itemListElement":[{"@type":"ListItem","position":1,"name":"Home","item":"https:\/\/servitis.com\/"},{"@type":"ListItem","position":2,"name":"Test"}]},{"@type":"WebSite","@id":"https:\/\/servitis.com\/#website","url":"https:\/\/servitis.com\/","name":"Servitis - Developpeur et int\u00e9grateur de solutions informatiques, Abidjan, Cote d\u2019Ivoire","description":"Accueil","publisher":{"@id":"https:\/\/servitis.com\/#organization"},"potentialAction":[{"@type":"SearchAction","target":{"@type":"EntryPoint","urlTemplate":"https:\/\/servitis.com\/?s={search_term_string}"},"query-input":{"@type":"PropertyValueSpecification","valueRequired":true,"valueName":"search_term_string"}}],"inLanguage":"en-GB"},{"@type":"Organization","@id":"https:\/\/servitis.com\/#organization","name":"Servitis - Developpeur et int\u00e9grateur de solutions informatiques, Abidjan, Cote d\u2019Ivoire","url":"https:\/\/servitis.com\/","logo":{"@type":"ImageObject","inLanguage":"en-GB","@id":"https:\/\/servitis.com\/#\/schema\/logo\/image\/","url":"https:\/\/servitis.com\/wp-content\/uploads\/2021\/06\/Servitis\u00ae.svg","contentUrl":"https:\/\/servitis.com\/wp-content\/uploads\/2021\/06\/Servitis\u00ae.svg","width":141,"height":29,"caption":"Servitis - Developpeur et int\u00e9grateur de solutions informatiques, Abidjan, Cote d\u2019Ivoire"},"image":{"@id":"https:\/\/servitis.com\/#\/schema\/logo\/image\/"}}]}},"_links":{"self":[{"href":"https:\/\/servitis.com\/en\/wp-json\/wp\/v2\/pages\/11095","targetHints":{"allow":["GET"]}}],"collection":[{"href":"https:\/\/servitis.com\/en\/wp-json\/wp\/v2\/pages"}],"about":[{"href":"https:\/\/servitis.com\/en\/wp-json\/wp\/v2\/types\/page"}],"author":[{"embeddable":true,"href":"https:\/\/servitis.com\/en\/wp-json\/wp\/v2\/users\/1"}],"replies":[{"embeddable":true,"href":"https:\/\/servitis.com\/en\/wp-json\/wp\/v2\/comments?post=11095"}],"version-history":[{"count":46,"href":"https:\/\/servitis.com\/en\/wp-json\/wp\/v2\/pages\/11095\/revisions"}],"predecessor-version":[{"id":11148,"href":"https:\/\/servitis.com\/en\/wp-json\/wp\/v2\/pages\/11095\/revisions\/11148"}],"wp:attachment":[{"href":"https:\/\/servitis.com\/en\/wp-json\/wp\/v2\/media?parent=11095"}],"curies":[{"name":"wp","href":"https:\/\/api.w.org\/{rel}","templated":true}]}}