{"id":7724,"date":"2021-08-20T10:35:09","date_gmt":"2021-08-20T10:35:09","guid":{"rendered":"http:\/\/localhost\/servitis-refonte\/?page_id=7724"},"modified":"2024-08-21T15:24:25","modified_gmt":"2024-08-21T15:24:25","slug":"nom-de-domaine","status":"publish","type":"page","link":"https:\/\/servitis.com\/en\/nos-services\/hebergement-web-et-services-cloud\/nom-de-domaine\/","title":{"rendered":"Domain name"},"content":{"rendered":"\t\t<div data-elementor-type=\"wp-page\" data-elementor-id=\"7724\" class=\"elementor elementor-7724\" data-elementor-post-type=\"page\">\n\t\t\t\t\t\t<section class=\"elementor-section elementor-top-section elementor-element elementor-element-8093e85 elementor-section-stretched elementor-section-full_width elementor-section-height-default elementor-section-height-default\" data-id=\"8093e85\" data-element_type=\"section\" data-e-type=\"section\" id=\"section_notre_entreprise\" data-settings=\"{&quot;stretch_section&quot;:&quot;section-stretched&quot;}\">\n\t\t\t\t\t\t<div class=\"elementor-container elementor-column-gap-default\">\n\t\t\t\t\t<div class=\"elementor-column elementor-col-100 elementor-top-column elementor-element elementor-element-c9c2b84\" data-id=\"c9c2b84\" data-element_type=\"column\" data-e-type=\"column\">\n\t\t\t<div class=\"elementor-widget-wrap elementor-element-populated\">\n\t\t\t\t\t\t<section class=\"elementor-section elementor-inner-section elementor-element elementor-element-7be6d3b elementor-section-full_width elementor-section-height-default elementor-section-height-default\" data-id=\"7be6d3b\" data-element_type=\"section\" data-e-type=\"section\" data-settings=\"{&quot;background_background&quot;:&quot;classic&quot;}\">\n\t\t\t\t\t\t<div class=\"elementor-container elementor-column-gap-default\">\n\t\t\t\t\t<div class=\"elementor-column elementor-col-100 elementor-inner-column elementor-element elementor-element-84be36c\" data-id=\"84be36c\" data-element_type=\"column\" data-e-type=\"column\">\n\t\t\t<div class=\"elementor-widget-wrap elementor-element-populated\">\n\t\t\t\t\t\t<div class=\"elementor-element elementor-element-1dc46f3 elementor-widget elementor-widget-slider_revolution\" data-id=\"1dc46f3\" data-element_type=\"widget\" data-e-type=\"widget\" data-widget_type=\"slider_revolution.default\">\n\t\t\t\t<div class=\"elementor-widget-container\">\n\t\t\t\t\t\n\t\t<div class=\"wp-block-themepunch-revslider\">\n\t\t\t<!-- START Nom de domaine REVOLUTION SLIDER 6.7.41 --><p class=\"rs-p-wp-fix\"><\/p>\n\t\t\t<rs-module-wrap id=\"rev_slider_63_1_wrapper\" data-source=\"gallery\" style=\"visibility:hidden;background:transparent;padding:0;margin:0px auto;margin-top:0;margin-bottom:0;\">\n\t\t\t\t<rs-module id=\"rev_slider_63_1\" style=\"\" data-version=\"6.7.41\">\n\t\t\t\t\t<rs-slides style=\"overflow: hidden; position: absolute;\">\n\t\t\t\t\t\t<rs-slide style=\"position: absolute;\" data-key=\"rs-68\" data-title=\"Slide\" data-anim=\"adpr:false;\" data-in=\"o:0;\" data-out=\"a:false;\">\n\t\t\t\t\t\t\t<img decoding=\"async\" src=\"\/\/servitis.com\/wp-content\/plugins\/revslider\/sr6\/assets\/assets\/dummy.png\" alt=\"Slide\" title=\"Nom de domaine\" class=\"rev-slidebg tp-rs-img rs-lazyload\" data-lazyload=\"\/\/servitis.com\/wp-content\/plugins\/revslider\/sr6\/assets\/assets\/transparent.png\" data-no-retina>\n<!--\n\t\t\t\t\t\t\t--><rs-layer\n\t\t\t\t\t\t\t\tid=\"slider-63-slide-68-layer-1\" \n\t\t\t\t\t\t\t\tdata-type=\"image\"\n\t\t\t\t\t\t\t\tdata-rsp_ch=\"on\"\n\t\t\t\t\t\t\t\tdata-xy=\"x:966px;y:-25px;\"\n\t\t\t\t\t\t\t\tdata-text=\"w:normal;\"\n\t\t\t\t\t\t\t\tdata-dim=\"w:500px;h:500px;\"\n\t\t\t\t\t\t\t\tdata-frame_0=\"sX:2;sY:2;\"\n\t\t\t\t\t\t\t\tdata-frame_0_mask=\"u:t;\"\n\t\t\t\t\t\t\t\tdata-frame_1=\"e:power2.out;sp:1000;\"\n\t\t\t\t\t\t\t\tdata-frame_1_mask=\"u:t;\"\n\t\t\t\t\t\t\t\tdata-frame_999=\"o:0;st:w;\"\n\t\t\t\t\t\t\t\tstyle=\"z-index:6;\"\n\t\t\t\t\t\t\t><img fetchpriority=\"high\" decoding=\"async\" src=\"\/\/servitis.com\/wp-content\/plugins\/revslider\/sr6\/assets\/assets\/dummy.png\" alt=\"\" class=\"tp-rs-img rs-lazyload\" width=\"392\" height=\"392\" data-lazyload=\"\/\/servitis.com\/wp-content\/uploads\/2021\/06\/5.1-nom-de-domaine.png\" data-no-retina> \n\t\t\t\t\t\t\t<\/rs-layer><!--\n\n\t\t\t\t\t\t\t--><rs-layer\n\t\t\t\t\t\t\t\tid=\"slider-63-slide-68-layer-2\" \n\t\t\t\t\t\t\t\tdata-type=\"text\"\n\t\t\t\t\t\t\t\tdata-color=\"#0052b4\"\n\t\t\t\t\t\t\t\tdata-rsp_ch=\"on\"\n\t\t\t\t\t\t\t\tdata-xy=\"x:118px;y:127px;\"\n\t\t\t\t\t\t\t\tdata-text=\"w:normal;s:18;\"\n\t\t\t\t\t\t\t\tdata-frame_0=\"y:-100%;\"\n\t\t\t\t\t\t\t\tdata-frame_0_mask=\"u:t;\"\n\t\t\t\t\t\t\t\tdata-frame_1=\"sp:1200;\"\n\t\t\t\t\t\t\t\tdata-frame_1_mask=\"u:t;\"\n\t\t\t\t\t\t\t\tdata-frame_999=\"o:0;st:w;\"\n\t\t\t\t\t\t\t\tstyle=\"z-index:7;font-family:'Roboto';\"\n\t\t\t\t\t\t\t>\/\/ HEBERGEMENT WEB & SERVICES CLOUD \n\t\t\t\t\t\t\t<\/rs-layer><!--\n\n\t\t\t\t\t\t\t--><rs-layer\n\t\t\t\t\t\t\t\tid=\"slider-63-slide-68-layer-3\" \n\t\t\t\t\t\t\t\tdata-type=\"text\"\n\t\t\t\t\t\t\t\tdata-color=\"#333333\"\n\t\t\t\t\t\t\t\tdata-rsp_ch=\"on\"\n\t\t\t\t\t\t\t\tdata-xy=\"x:118px;y:184px;\"\n\t\t\t\t\t\t\t\tdata-text=\"w:normal;s:60;l:70;fw:900;\"\n\t\t\t\t\t\t\t\tdata-frame_0=\"x:-100%;\"\n\t\t\t\t\t\t\t\tdata-frame_0_mask=\"u:t;\"\n\t\t\t\t\t\t\t\tdata-frame_1=\"sp:1000;\"\n\t\t\t\t\t\t\t\tdata-frame_1_mask=\"u:t;\"\n\t\t\t\t\t\t\t\tdata-frame_999=\"o:0;st:w;\"\n\t\t\t\t\t\t\t\tstyle=\"z-index:8;font-family:'Roboto';\"\n\t\t\t\t\t\t\t>Nom de domaine \n\t\t\t\t\t\t\t<\/rs-layer><!--\n-->\t\t\t\t\t<\/rs-slide>\n\t\t\t\t\t<\/rs-slides>\n\t\t\t\t<\/rs-module>\n\t\t\t\t<script>\n\t\t\t\t\tsetREVStartSize({c: 'rev_slider_63_1',rl:[1240,1024,778,480],el:[484],gw:[1600],gh:[484],type:'standard',justify:'',layout:'fullwidth',mh:\"0\"});if (window.RS_MODULES!==undefined && window.RS_MODULES.modules!==undefined && window.RS_MODULES.modules[\"revslider631\"]!==undefined) {window.RS_MODULES.modules[\"revslider631\"].once = false;window.revapi63 = undefined;if (window.RS_MODULES.checkMinimal!==undefined) window.RS_MODULES.checkMinimal()}\n\t\t\t\t<\/script>\n\t\t\t<\/rs-module-wrap>\n\t\t\t<!-- END REVOLUTION SLIDER -->\n<\/div>\n\n\t\t\t\t\t\t<\/div>\n\t\t\t\t<\/div>\n\t\t\t\t\t<\/div>\n\t\t<\/div>\n\t\t\t\t\t<\/div>\n\t\t<\/section>\n\t\t\t\t<section class=\"elementor-section elementor-inner-section elementor-element elementor-element-f9437ff elementor-section-boxed elementor-section-height-default elementor-section-height-default\" data-id=\"f9437ff\" data-element_type=\"section\" data-e-type=\"section\">\n\t\t\t\t\t\t<div class=\"elementor-container elementor-column-gap-default\">\n\t\t\t\t\t<div class=\"elementor-column elementor-col-100 elementor-inner-column elementor-element elementor-element-355795a\" data-id=\"355795a\" data-element_type=\"column\" data-e-type=\"column\">\n\t\t\t<div class=\"elementor-widget-wrap elementor-element-populated\">\n\t\t\t\t\t\t<div class=\"elementor-element elementor-element-3f516fc elementor-widget elementor-widget-text-editor\" data-id=\"3f516fc\" data-element_type=\"widget\" data-e-type=\"widget\" data-widget_type=\"text-editor.default\">\n\t\t\t\t<div class=\"elementor-widget-container\">\n\t\t\t\t\t\t\t\t\t<p>Que vous soyez un particulier ou une organisation, prenez le temps de bien choisir votre nom de domaine avant sa cr\u00e9ation, car il vous repr\u00e9sentera sur l\u2019internet. Patronyme, raison sociale ou association de mots cl\u00e9s, votre futur nom de domaine contribuera \u00e0 mettre en avant votre identit\u00e9.<br>Vous souhaitez cr\u00e9er votre adresse internet, acheter un nom de domaine, le transf\u00e9rer, v\u00e9rifier sa disponibilit\u00e9 ou trouver des informations sur un nom de domaine d\u00e9j\u00e0 enregistr\u00e9, contactez-nous : <a href=\"mailto:info@servitis.com\" target=\"_blank\" rel=\"noopener\">info@servitis.com<\/a><\/p><p><br><\/p>\n<p><b>Achetez votre nom de domaine au meilleur prix<\/b> <br>Avec SERVITIS, b\u00e9n\u00e9ficiez de prix bas toute l&rsquo;ann\u00e9e ! Acheter un nom domaine est la premi\u00e8re \u00e9tape de votre aventure en ligne et nous voulons que tout se passe bien et que vous ayez un bon d\u00e9but. Qu\u2019il s\u2019agisse d\u2019extension nationale ou internationale (.com, org, .ci, etc.), SERVITIS a conseill\u00e9 et accompagn\u00e9 de nombreuses organisations dans le choix et l\u2019enregistrement du domaine id\u00e9al pour leur activit\u00e9.<\/p><p><br><\/p>\n<p><b>Transf\u00e9rez votre nom de domaine en toute transparence<\/b><br>Venez chez SERVITIS et b\u00e9n\u00e9ficiez des nombreux avantages et services inclus.<\/p>\n<ul>\n<li>Transfert assist\u00e9 et simplifi\u00e9 de vos noms de domaine<\/li>\n<li>Transfert de nom de domaine et renouvellement d\u2019une ann\u00e9e<\/li>\n<li>Assistance compl\u00e8te par t\u00e9l\u00e9phone, livechat et email.<\/li>\n<\/ul>\n<p><b>Achetez un certificat s\u00e9curit\u00e9 SSL<\/b><\/p>\n<p>Un certificat SSL permet de s\u00e9curiser la navigation sur votre site internet et prot\u00e9ger vos informations confidentielles telles que les informations relatives aux cartes de cr\u00e9dit, les informations de connexion : le nom d&rsquo;utilisateur, le mot de passe, etc.<\/p>\n<p>Install\u00e9 sur un serveur, le certificat active le cadenas et le protocole \u00ab https \u00bb afin d&rsquo;assurer une connexion s\u00e9curis\u00e9e entre le serveur web et le navigateur. Le SSL permet de s\u00e9curiser le transfert de donn\u00e9es et les informations de connexion. Nos Experts vous accompagnent pour l\u2019achat et la configuration de votre certificat de s\u00e9curit\u00e9 SSL.<\/p>\t\t\t\t\t\t\t\t<\/div>\n\t\t\t\t<\/div>\n\t\t\t\t\t<\/div>\n\t\t<\/div>\n\t\t\t\t\t<\/div>\n\t\t<\/section>\n\t\t\t\t\t<\/div>\n\t\t<\/div>\n\t\t\t\t\t<\/div>\n\t\t<\/section>\n\t\t\t\t<section class=\"elementor-section elementor-top-section elementor-element elementor-element-f043ae3 elementor-section-boxed elementor-section-height-default elementor-section-height-default\" data-id=\"f043ae3\" data-element_type=\"section\" data-e-type=\"section\" id=\"section_cta\" data-settings=\"{&quot;background_background&quot;:&quot;classic&quot;}\">\n\t\t\t\t\t\t<div class=\"elementor-container elementor-column-gap-default\">\n\t\t\t\t\t<div class=\"elementor-column elementor-col-50 elementor-top-column elementor-element elementor-element-973f8d3\" data-id=\"973f8d3\" data-element_type=\"column\" data-e-type=\"column\" data-settings=\"{&quot;animation&quot;:&quot;none&quot;,&quot;background_background&quot;:&quot;classic&quot;}\">\n\t\t\t<div class=\"elementor-widget-wrap elementor-element-populated\">\n\t\t\t\t\t\t<div class=\"elementor-element elementor-element-7ae6171 elementor-widget elementor-widget-heading\" data-id=\"7ae6171\" data-element_type=\"widget\" data-e-type=\"widget\" data-widget_type=\"heading.default\">\n\t\t\t\t<div class=\"elementor-widget-container\">\n\t\t\t\t\t<h2 class=\"elementor-heading-title elementor-size-default\">Une Id\u00e9e, un Projet, une Question...<br \/>\nN\u2019h\u00e9sitez pas \u00e0 nous Contacter<\/h2>\t\t\t\t<\/div>\n\t\t\t\t<\/div>\n\t\t\t\t\t<\/div>\n\t\t<\/div>\n\t\t\t\t<div class=\"elementor-column elementor-col-50 elementor-top-column elementor-element elementor-element-443224e\" data-id=\"443224e\" data-element_type=\"column\" data-e-type=\"column\">\n\t\t\t<div class=\"elementor-widget-wrap elementor-element-populated\">\n\t\t\t\t\t\t<div class=\"elementor-element elementor-element-5a527ab elementor-align-right btn_projet_form elementor-mobile-align-left elementor-widget elementor-widget-button\" data-id=\"5a527ab\" data-element_type=\"widget\" data-e-type=\"widget\" data-widget_type=\"button.default\">\n\t\t\t\t<div class=\"elementor-widget-container\">\n\t\t\t\t\t\t\t\t\t<div class=\"elementor-button-wrapper\">\n\t\t\t\t\t<a class=\"elementor-button elementor-button-link elementor-size-sm\" href=\"https:\/\/servitis.com\/demandez-un-devis\/\" id=\"btngGeneral\">\n\t\t\t\t\t\t<span class=\"elementor-button-content-wrapper\">\n\t\t\t\t\t\t\t\t\t<span class=\"elementor-button-text\">Demandez un devis<\/span>\n\t\t\t\t\t<\/span>\n\t\t\t\t\t<\/a>\n\t\t\t\t<\/div>\n\t\t\t\t\t\t\t\t<\/div>\n\t\t\t\t<\/div>\n\t\t\t\t\t<\/div>\n\t\t<\/div>\n\t\t\t\t\t<\/div>\n\t\t<\/section>\n\t\t\t\t<\/div>\n\t\t","protected":false},"excerpt":{"rendered":"<p>Que vous soyez un particulier ou une organisation, prenez le temps de bien choisir votre nom de domaine avant sa cr\u00e9ation, car il vous repr\u00e9sentera sur l\u2019internet. Patronyme, raison sociale ou association de mots cl\u00e9s, votre futur nom de domaine contribuera \u00e0 mettre en avant votre identit\u00e9.Vous souhaitez cr\u00e9er votre adresse internet, acheter un nom [&hellip;]<\/p>\n","protected":false},"author":1,"featured_media":0,"parent":1574,"menu_order":0,"comment_status":"closed","ping_status":"closed","template":"","meta":{"inline_featured_image":false,"site-sidebar-layout":"no-sidebar","site-content-layout":"page-builder","ast-site-content-layout":"default","site-content-style":"default","site-sidebar-style":"default","ast-global-header-display":"","ast-banner-title-visibility":"","ast-main-header-display":"","ast-hfb-above-header-display":"","ast-hfb-below-header-display":"","ast-hfb-mobile-header-display":"","site-post-title":"disabled","ast-breadcrumbs-content":"","ast-featured-img":"disabled","footer-sml-layout":"","ast-disable-related-posts":"","theme-transparent-header-meta":"default","adv-header-id-meta":"","stick-header-meta":"default","header-above-stick-meta":"","header-main-stick-meta":"","header-below-stick-meta":"","astra-migrate-meta-layouts":"default","ast-page-background-enabled":"default","ast-page-background-meta":{"desktop":{"background-color":"","background-image":"","background-repeat":"repeat","background-position":"center center","background-size":"auto","background-attachment":"scroll","background-type":"","background-media":"","overlay-type":"","overlay-color":"","overlay-opacity":"","overlay-gradient":""},"tablet":{"background-color":"","background-image":"","background-repeat":"repeat","background-position":"center center","background-size":"auto","background-attachment":"scroll","background-type":"","background-media":"","overlay-type":"","overlay-color":"","overlay-opacity":"","overlay-gradient":""},"mobile":{"background-color":"","background-image":"","background-repeat":"repeat","background-position":"center center","background-size":"auto","background-attachment":"scroll","background-type":"","background-media":"","overlay-type":"","overlay-color":"","overlay-opacity":"","overlay-gradient":""}},"ast-content-background-meta":{"desktop":{"background-color":"var(--ast-global-color-5)","background-image":"","background-repeat":"repeat","background-position":"center center","background-size":"auto","background-attachment":"scroll","background-type":"","background-media":"","overlay-type":"","overlay-color":"","overlay-opacity":"","overlay-gradient":""},"tablet":{"background-color":"var(--ast-global-color-5)","background-image":"","background-repeat":"repeat","background-position":"center center","background-size":"auto","background-attachment":"scroll","background-type":"","background-media":"","overlay-type":"","overlay-color":"","overlay-opacity":"","overlay-gradient":""},"mobile":{"background-color":"var(--ast-global-color-5)","background-image":"","background-repeat":"repeat","background-position":"center center","background-size":"auto","background-attachment":"scroll","background-type":"","background-media":"","overlay-type":"","overlay-color":"","overlay-opacity":"","overlay-gradient":""}},"footnotes":""},"class_list":["post-7724","page","type-page","status-publish","hentry"],"yoast_head":"<!-- This site is optimized with the Yoast SEO Premium plugin v26.5 (Yoast SEO v27.2) - https:\/\/yoast.com\/product\/yoast-seo-premium-wordpress\/ -->\n<title>Top registar de nom de domaine en Afrique, Cote d\u2019ivoire, Abidjan<\/title>\n<meta name=\"description\" content=\"Premi\u00e8re agence pour l\u2019achat et la r\u00e9servation de nom de domaine en Afrique, cote d\u2019ivoire, Abidjan,\" \/>\n<meta name=\"robots\" content=\"index, follow, max-snippet:-1, max-image-preview:large, max-video-preview:-1\" \/>\n<link rel=\"canonical\" href=\"https:\/\/servitis.com\/en\/nos-services\/hebergement-web-et-services-cloud\/nom-de-domaine\/\" \/>\n<meta property=\"og:locale\" content=\"en_GB\" \/>\n<meta property=\"og:type\" content=\"article\" \/>\n<meta property=\"og:title\" content=\"Nom de domaine\" \/>\n<meta property=\"og:description\" content=\"Premi\u00e8re agence pour l\u2019achat et la r\u00e9servation de nom de domaine en Afrique, cote d\u2019ivoire, Abidjan,\" \/>\n<meta property=\"og:url\" content=\"https:\/\/servitis.com\/en\/nos-services\/hebergement-web-et-services-cloud\/nom-de-domaine\/\" \/>\n<meta property=\"og:site_name\" content=\"Servitis - Developpeur et int\u00e9grateur de solutions informatiques, Abidjan, Cote d\u2019Ivoire\" \/>\n<meta property=\"article:modified_time\" content=\"2024-08-21T15:24:25+00:00\" \/>\n<meta name=\"twitter:card\" content=\"summary_large_image\" \/>\n<meta name=\"twitter:label1\" content=\"Estimated reading time\" \/>\n\t<meta name=\"twitter:data1\" content=\"2 minutes\" \/>\n<script type=\"application\/ld+json\" class=\"yoast-schema-graph\">{\"@context\":\"https:\/\/schema.org\",\"@graph\":[{\"@type\":\"WebPage\",\"@id\":\"https:\/\/servitis.com\/nos-services\/hebergement-web-et-services-cloud\/nom-de-domaine\/\",\"url\":\"https:\/\/servitis.com\/nos-services\/hebergement-web-et-services-cloud\/nom-de-domaine\/\",\"name\":\"Top registar de nom de domaine en Afrique, Cote d\u2019ivoire, Abidjan\",\"isPartOf\":{\"@id\":\"https:\/\/servitis.com\/#website\"},\"datePublished\":\"2021-08-20T10:35:09+00:00\",\"dateModified\":\"2024-08-21T15:24:25+00:00\",\"description\":\"Premi\u00e8re agence pour l\u2019achat et la r\u00e9servation de nom de domaine en Afrique, cote d\u2019ivoire, Abidjan,\",\"breadcrumb\":{\"@id\":\"https:\/\/servitis.com\/nos-services\/hebergement-web-et-services-cloud\/nom-de-domaine\/#breadcrumb\"},\"inLanguage\":\"en-GB\",\"potentialAction\":[{\"@type\":\"ReadAction\",\"target\":[\"https:\/\/servitis.com\/nos-services\/hebergement-web-et-services-cloud\/nom-de-domaine\/\"]}]},{\"@type\":\"BreadcrumbList\",\"@id\":\"https:\/\/servitis.com\/nos-services\/hebergement-web-et-services-cloud\/nom-de-domaine\/#breadcrumb\",\"itemListElement\":[{\"@type\":\"ListItem\",\"position\":1,\"name\":\"Home\",\"item\":\"https:\/\/servitis.com\/\"},{\"@type\":\"ListItem\",\"position\":2,\"name\":\"Nos services\",\"item\":\"https:\/\/servitis.com\/nos-services\/\"},{\"@type\":\"ListItem\",\"position\":3,\"name\":\"H\u00e9bergement web et Services Cloud\",\"item\":\"https:\/\/servitis.com\/nos-services\/hebergement-web-et-services-cloud\/\"},{\"@type\":\"ListItem\",\"position\":4,\"name\":\"Nom de domaine\"}]},{\"@type\":\"WebSite\",\"@id\":\"https:\/\/servitis.com\/#website\",\"url\":\"https:\/\/servitis.com\/\",\"name\":\"Servitis - Developpeur et int\u00e9grateur de solutions informatiques, Abidjan, Cote d\u2019Ivoire\",\"description\":\"Accueil\",\"publisher\":{\"@id\":\"https:\/\/servitis.com\/#organization\"},\"potentialAction\":[{\"@type\":\"SearchAction\",\"target\":{\"@type\":\"EntryPoint\",\"urlTemplate\":\"https:\/\/servitis.com\/?s={search_term_string}\"},\"query-input\":{\"@type\":\"PropertyValueSpecification\",\"valueRequired\":true,\"valueName\":\"search_term_string\"}}],\"inLanguage\":\"en-GB\"},{\"@type\":\"Organization\",\"@id\":\"https:\/\/servitis.com\/#organization\",\"name\":\"Servitis - Developpeur et int\u00e9grateur de solutions informatiques, Abidjan, Cote d\u2019Ivoire\",\"url\":\"https:\/\/servitis.com\/\",\"logo\":{\"@type\":\"ImageObject\",\"inLanguage\":\"en-GB\",\"@id\":\"https:\/\/servitis.com\/#\/schema\/logo\/image\/\",\"url\":\"https:\/\/servitis.com\/wp-content\/uploads\/2021\/06\/Servitis\u00ae.svg\",\"contentUrl\":\"https:\/\/servitis.com\/wp-content\/uploads\/2021\/06\/Servitis\u00ae.svg\",\"width\":141,\"height\":29,\"caption\":\"Servitis - Developpeur et int\u00e9grateur de solutions informatiques, Abidjan, Cote d\u2019Ivoire\"},\"image\":{\"@id\":\"https:\/\/servitis.com\/#\/schema\/logo\/image\/\"}}]}<\/script>\n<!-- \/ Yoast SEO Premium plugin. -->","yoast_head_json":{"title":"Top registar de nom de domaine en Afrique, Cote d\u2019ivoire, Abidjan","description":"Premi\u00e8re agence pour l\u2019achat et la r\u00e9servation de nom de domaine en Afrique, cote d\u2019ivoire, Abidjan,","robots":{"index":"index","follow":"follow","max-snippet":"max-snippet:-1","max-image-preview":"max-image-preview:large","max-video-preview":"max-video-preview:-1"},"canonical":"https:\/\/servitis.com\/en\/nos-services\/hebergement-web-et-services-cloud\/nom-de-domaine\/","og_locale":"en_GB","og_type":"article","og_title":"Nom de domaine","og_description":"Premi\u00e8re agence pour l\u2019achat et la r\u00e9servation de nom de domaine en Afrique, cote d\u2019ivoire, Abidjan,","og_url":"https:\/\/servitis.com\/en\/nos-services\/hebergement-web-et-services-cloud\/nom-de-domaine\/","og_site_name":"Servitis - Developpeur et int\u00e9grateur de solutions informatiques, Abidjan, Cote d\u2019Ivoire","article_modified_time":"2024-08-21T15:24:25+00:00","twitter_card":"summary_large_image","twitter_misc":{"Estimated reading time":"2 minutes"},"schema":{"@context":"https:\/\/schema.org","@graph":[{"@type":"WebPage","@id":"https:\/\/servitis.com\/nos-services\/hebergement-web-et-services-cloud\/nom-de-domaine\/","url":"https:\/\/servitis.com\/nos-services\/hebergement-web-et-services-cloud\/nom-de-domaine\/","name":"Top registar de nom de domaine en Afrique, Cote d\u2019ivoire, Abidjan","isPartOf":{"@id":"https:\/\/servitis.com\/#website"},"datePublished":"2021-08-20T10:35:09+00:00","dateModified":"2024-08-21T15:24:25+00:00","description":"Premi\u00e8re agence pour l\u2019achat et la r\u00e9servation de nom de domaine en Afrique, cote d\u2019ivoire, Abidjan,","breadcrumb":{"@id":"https:\/\/servitis.com\/nos-services\/hebergement-web-et-services-cloud\/nom-de-domaine\/#breadcrumb"},"inLanguage":"en-GB","potentialAction":[{"@type":"ReadAction","target":["https:\/\/servitis.com\/nos-services\/hebergement-web-et-services-cloud\/nom-de-domaine\/"]}]},{"@type":"BreadcrumbList","@id":"https:\/\/servitis.com\/nos-services\/hebergement-web-et-services-cloud\/nom-de-domaine\/#breadcrumb","itemListElement":[{"@type":"ListItem","position":1,"name":"Home","item":"https:\/\/servitis.com\/"},{"@type":"ListItem","position":2,"name":"Nos services","item":"https:\/\/servitis.com\/nos-services\/"},{"@type":"ListItem","position":3,"name":"H\u00e9bergement web et Services Cloud","item":"https:\/\/servitis.com\/nos-services\/hebergement-web-et-services-cloud\/"},{"@type":"ListItem","position":4,"name":"Nom de domaine"}]},{"@type":"WebSite","@id":"https:\/\/servitis.com\/#website","url":"https:\/\/servitis.com\/","name":"Servitis - Developpeur et int\u00e9grateur de solutions informatiques, Abidjan, Cote d\u2019Ivoire","description":"Accueil","publisher":{"@id":"https:\/\/servitis.com\/#organization"},"potentialAction":[{"@type":"SearchAction","target":{"@type":"EntryPoint","urlTemplate":"https:\/\/servitis.com\/?s={search_term_string}"},"query-input":{"@type":"PropertyValueSpecification","valueRequired":true,"valueName":"search_term_string"}}],"inLanguage":"en-GB"},{"@type":"Organization","@id":"https:\/\/servitis.com\/#organization","name":"Servitis - Developpeur et int\u00e9grateur de solutions informatiques, Abidjan, Cote d\u2019Ivoire","url":"https:\/\/servitis.com\/","logo":{"@type":"ImageObject","inLanguage":"en-GB","@id":"https:\/\/servitis.com\/#\/schema\/logo\/image\/","url":"https:\/\/servitis.com\/wp-content\/uploads\/2021\/06\/Servitis\u00ae.svg","contentUrl":"https:\/\/servitis.com\/wp-content\/uploads\/2021\/06\/Servitis\u00ae.svg","width":141,"height":29,"caption":"Servitis - Developpeur et int\u00e9grateur de solutions informatiques, Abidjan, Cote d\u2019Ivoire"},"image":{"@id":"https:\/\/servitis.com\/#\/schema\/logo\/image\/"}}]}},"_links":{"self":[{"href":"https:\/\/servitis.com\/en\/wp-json\/wp\/v2\/pages\/7724","targetHints":{"allow":["GET"]}}],"collection":[{"href":"https:\/\/servitis.com\/en\/wp-json\/wp\/v2\/pages"}],"about":[{"href":"https:\/\/servitis.com\/en\/wp-json\/wp\/v2\/types\/page"}],"author":[{"embeddable":true,"href":"https:\/\/servitis.com\/en\/wp-json\/wp\/v2\/users\/1"}],"replies":[{"embeddable":true,"href":"https:\/\/servitis.com\/en\/wp-json\/wp\/v2\/comments?post=7724"}],"version-history":[{"count":50,"href":"https:\/\/servitis.com\/en\/wp-json\/wp\/v2\/pages\/7724\/revisions"}],"predecessor-version":[{"id":12479,"href":"https:\/\/servitis.com\/en\/wp-json\/wp\/v2\/pages\/7724\/revisions\/12479"}],"up":[{"embeddable":true,"href":"https:\/\/servitis.com\/en\/wp-json\/wp\/v2\/pages\/1574"}],"wp:attachment":[{"href":"https:\/\/servitis.com\/en\/wp-json\/wp\/v2\/media?parent=7724"}],"curies":[{"name":"wp","href":"https:\/\/api.w.org\/{rel}","templated":true}]}}