{"id":7728,"date":"2021-08-20T10:36:43","date_gmt":"2021-08-20T10:36:43","guid":{"rendered":"http:\/\/localhost\/servitis-refonte\/?page_id=7728"},"modified":"2025-04-29T15:26:12","modified_gmt":"2025-04-29T15:26:12","slug":"hebergement-web","status":"publish","type":"page","link":"https:\/\/servitis.com\/en\/nos-services\/hebergement-web-et-services-cloud\/hebergement-web\/","title":{"rendered":"H\u00e9bergement web"},"content":{"rendered":"\t\t<div data-elementor-type=\"wp-page\" data-elementor-id=\"7728\" class=\"elementor elementor-7728\" data-elementor-post-type=\"page\">\n\t\t\t\t\t\t<section class=\"elementor-section elementor-top-section elementor-element elementor-element-ab37c16 elementor-section-stretched elementor-section-full_width elementor-section-height-default elementor-section-height-default\" data-id=\"ab37c16\" data-element_type=\"section\" data-e-type=\"section\" id=\"section_notre_entreprise\" data-settings=\"{&quot;stretch_section&quot;:&quot;section-stretched&quot;}\">\n\t\t\t\t\t\t<div class=\"elementor-container elementor-column-gap-default\">\n\t\t\t\t\t<div class=\"elementor-column elementor-col-100 elementor-top-column elementor-element elementor-element-2aab1d0\" data-id=\"2aab1d0\" data-element_type=\"column\" data-e-type=\"column\">\n\t\t\t<div class=\"elementor-widget-wrap elementor-element-populated\">\n\t\t\t\t\t\t<section class=\"elementor-section elementor-inner-section elementor-element elementor-element-318a660 elementor-section-boxed elementor-section-height-default elementor-section-height-default\" data-id=\"318a660\" data-element_type=\"section\" data-e-type=\"section\" data-settings=\"{&quot;background_background&quot;:&quot;classic&quot;}\">\n\t\t\t\t\t\t<div class=\"elementor-container elementor-column-gap-default\">\n\t\t\t\t\t<div class=\"elementor-column elementor-col-100 elementor-inner-column elementor-element elementor-element-89bc6ce\" data-id=\"89bc6ce\" data-element_type=\"column\" data-e-type=\"column\">\n\t\t\t<div class=\"elementor-widget-wrap elementor-element-populated\">\n\t\t\t\t\t\t<div class=\"elementor-element elementor-element-5b303e7 elementor-widget elementor-widget-slider_revolution\" data-id=\"5b303e7\" data-element_type=\"widget\" data-e-type=\"widget\" data-widget_type=\"slider_revolution.default\">\n\t\t\t\t<div class=\"elementor-widget-container\">\n\t\t\t\t\t\n\t\t<div class=\"wp-block-themepunch-revslider\">\n\t\t\t<!-- START H\u00e9bergement web REVOLUTION SLIDER 6.7.41 --><p class=\"rs-p-wp-fix\"><\/p>\n\t\t\t<rs-module-wrap id=\"rev_slider_65_1_wrapper\" data-source=\"gallery\" style=\"visibility:hidden;background:transparent;padding:0;margin:0px auto;margin-top:0;margin-bottom:0;\">\n\t\t\t\t<rs-module id=\"rev_slider_65_1\" style=\"\" data-version=\"6.7.41\">\n\t\t\t\t\t<rs-slides style=\"overflow: hidden; position: absolute;\">\n\t\t\t\t\t\t<rs-slide style=\"position: absolute;\" data-key=\"rs-70\" data-title=\"Slide\" data-anim=\"adpr:false;\" data-in=\"o:0;\" data-out=\"a:false;\">\n\t\t\t\t\t\t\t<img decoding=\"async\" src=\"\/\/servitis.com\/wp-content\/plugins\/revslider\/sr6\/assets\/assets\/dummy.png\" alt=\"Slide\" title=\"H\u00e9bergement web\" class=\"rev-slidebg tp-rs-img rs-lazyload\" data-lazyload=\"\/\/servitis.com\/wp-content\/plugins\/revslider\/sr6\/assets\/assets\/transparent.png\" data-no-retina>\n<!--\n\t\t\t\t\t\t\t--><rs-layer\n\t\t\t\t\t\t\t\tid=\"slider-65-slide-70-layer-1\" \n\t\t\t\t\t\t\t\tdata-type=\"image\"\n\t\t\t\t\t\t\t\tdata-rsp_ch=\"on\"\n\t\t\t\t\t\t\t\tdata-xy=\"x:966px;y:-25px;\"\n\t\t\t\t\t\t\t\tdata-text=\"w:normal;\"\n\t\t\t\t\t\t\t\tdata-dim=\"w:500px;h:500px;\"\n\t\t\t\t\t\t\t\tdata-frame_0=\"sX:2;sY:2;\"\n\t\t\t\t\t\t\t\tdata-frame_0_mask=\"u:t;\"\n\t\t\t\t\t\t\t\tdata-frame_1=\"e:power2.out;sp:1000;\"\n\t\t\t\t\t\t\t\tdata-frame_1_mask=\"u:t;\"\n\t\t\t\t\t\t\t\tdata-frame_999=\"o:0;st:w;\"\n\t\t\t\t\t\t\t\tstyle=\"z-index:6;\"\n\t\t\t\t\t\t\t><img fetchpriority=\"high\" decoding=\"async\" src=\"\/\/servitis.com\/wp-content\/plugins\/revslider\/sr6\/assets\/assets\/dummy.png\" alt=\"\" class=\"tp-rs-img rs-lazyload\" width=\"392\" height=\"392\" data-lazyload=\"\/\/servitis.com\/wp-content\/uploads\/2021\/06\/5.3-hebergement.png\" data-no-retina> \n\t\t\t\t\t\t\t<\/rs-layer><!--\n\n\t\t\t\t\t\t\t--><rs-layer\n\t\t\t\t\t\t\t\tid=\"slider-65-slide-70-layer-2\" \n\t\t\t\t\t\t\t\tdata-type=\"text\"\n\t\t\t\t\t\t\t\tdata-color=\"#0052b4\"\n\t\t\t\t\t\t\t\tdata-rsp_ch=\"on\"\n\t\t\t\t\t\t\t\tdata-xy=\"x:118px;y:127px;\"\n\t\t\t\t\t\t\t\tdata-text=\"w:normal;s:18;\"\n\t\t\t\t\t\t\t\tdata-frame_0=\"y:-100%;\"\n\t\t\t\t\t\t\t\tdata-frame_0_mask=\"u:t;\"\n\t\t\t\t\t\t\t\tdata-frame_1=\"sp:1200;\"\n\t\t\t\t\t\t\t\tdata-frame_1_mask=\"u:t;\"\n\t\t\t\t\t\t\t\tdata-frame_999=\"o:0;st:w;\"\n\t\t\t\t\t\t\t\tstyle=\"z-index:7;font-family:'Roboto';\"\n\t\t\t\t\t\t\t>\/\/ HEBERGEMENT WEB & SERVICES CLOUD \n\t\t\t\t\t\t\t<\/rs-layer><!--\n\n\t\t\t\t\t\t\t--><rs-layer\n\t\t\t\t\t\t\t\tid=\"slider-65-slide-70-layer-3\" \n\t\t\t\t\t\t\t\tdata-type=\"text\"\n\t\t\t\t\t\t\t\tdata-color=\"#333333\"\n\t\t\t\t\t\t\t\tdata-rsp_ch=\"on\"\n\t\t\t\t\t\t\t\tdata-xy=\"x:118px;y:184px;\"\n\t\t\t\t\t\t\t\tdata-text=\"w:normal;s:60;l:70;fw:900;\"\n\t\t\t\t\t\t\t\tdata-frame_0=\"x:-100%;\"\n\t\t\t\t\t\t\t\tdata-frame_0_mask=\"u:t;\"\n\t\t\t\t\t\t\t\tdata-frame_1=\"sp:1000;\"\n\t\t\t\t\t\t\t\tdata-frame_1_mask=\"u:t;\"\n\t\t\t\t\t\t\t\tdata-frame_999=\"o:0;st:w;\"\n\t\t\t\t\t\t\t\tstyle=\"z-index:8;font-family:'Roboto';\"\n\t\t\t\t\t\t\t>H\u00e9bergement web \n\t\t\t\t\t\t\t<\/rs-layer><!--\n-->\t\t\t\t\t<\/rs-slide>\n\t\t\t\t\t<\/rs-slides>\n\t\t\t\t<\/rs-module>\n\t\t\t\t<script>\n\t\t\t\t\tsetREVStartSize({c: 'rev_slider_65_1',rl:[1240,1024,778,480],el:[484],gw:[1600],gh:[484],type:'standard',justify:'',layout:'fullwidth',mh:\"0\"});if (window.RS_MODULES!==undefined && window.RS_MODULES.modules!==undefined && window.RS_MODULES.modules[\"revslider651\"]!==undefined) {window.RS_MODULES.modules[\"revslider651\"].once = false;window.revapi65 = undefined;if (window.RS_MODULES.checkMinimal!==undefined) window.RS_MODULES.checkMinimal()}\n\t\t\t\t<\/script>\n\t\t\t<\/rs-module-wrap>\n\t\t\t<!-- END REVOLUTION SLIDER -->\n<\/div>\n\n\t\t\t\t\t\t<\/div>\n\t\t\t\t<\/div>\n\t\t\t\t\t<\/div>\n\t\t<\/div>\n\t\t\t\t\t<\/div>\n\t\t<\/section>\n\t\t\t\t<section class=\"elementor-section elementor-inner-section elementor-element elementor-element-c1dc603 elementor-section-boxed elementor-section-height-default elementor-section-height-default\" data-id=\"c1dc603\" data-element_type=\"section\" data-e-type=\"section\">\n\t\t\t\t\t\t<div class=\"elementor-container elementor-column-gap-default\">\n\t\t\t\t\t<div class=\"elementor-column elementor-col-100 elementor-inner-column elementor-element elementor-element-ac028da\" data-id=\"ac028da\" data-element_type=\"column\" data-e-type=\"column\">\n\t\t\t<div class=\"elementor-widget-wrap elementor-element-populated\">\n\t\t\t\t\t\t<div class=\"elementor-element elementor-element-8c93d93 elementor-widget elementor-widget-text-editor\" data-id=\"8c93d93\" data-element_type=\"widget\" data-e-type=\"widget\" data-widget_type=\"text-editor.default\">\n\t\t\t\t<div class=\"elementor-widget-container\">\n\t\t\t\t\t\t\t\t\t<p>Depuis plus de 15 ans, SERVITIS offre des services d\u2019h\u00e9bergement professionnels et performants respectueux des standards internationaux en mati\u00e8re d\u2019infrastructure d\u2019h\u00e9bergement web. Con\u00e7ues pour garantir un service s\u00e9curis\u00e9 de haute disponibilit\u00e9, nos infrastructures d\u2019h\u00e9bergement sont continuellement surveill\u00e9es pour apporter un maximum de r\u00e9silience.<\/p><p><br><\/p>\n<p>Nos offres d&rsquo;h\u00e9bergement sont adapt\u00e9es pour tous les publics : particulier, d\u00e9veloppeur et entreprise. Vous pouvez h\u00e9berger tous types de projets web avec d&rsquo;excellentes performances. Nous vous proposons des plans d\u2019h\u00e9bergements r\u00e9guli\u00e8rement mis \u00e0 jour avec des fonctionnalit\u00e9s avanc\u00e9es et fiables incluant :<\/p>\n<ul>\n<li>Datacenter avec des serveurs robustes bas\u00e9s sur une infrastructure hautement redondante<\/li>\n<li>Rapidit\u00e9 de chargement de vos pages Internet<\/li>\n<li>S\u00e9curit\u00e9 optimale avec un suivi et assistance proactif 24&#215;7<\/li>\n<li>Outil d\u2019analyse statistique AWStats<\/li>\n<li>Protection des donn\u00e9es et plan de restauration en cas de catastrophes<\/li>\n<\/ul>\n<p>Nous proposons trois (03) types d\u2019h\u00e9bergements web professionnels pour satisfaire tous vos besoins de visibilit\u00e9, rapidit\u00e9 et de s\u00e9curit\u00e9 sur la toile.<\/p><p><br><\/p>\n<p><b>H\u00e9bergement mutualis\u00e9<\/b><br>Obtenez le meilleur rapport qualit\u00e9\/prix avec nos plans d\u2019h\u00e9bergement mutualis\u00e9. Log\u00e9 sur un pool commun de ressources via des serveurs robustes et m\u00e9ticuleusement repartis en fonction de votre besoin, nous assurons l\u2019h\u00e9bergement de nombreux sites et applications web \u00e0 travers le monde avec un haut niveau de disponibilit\u00e9 24h\/7 et une s\u00e9curit\u00e9 accrue g\u00e9r\u00e9es par nos administrateurs syst\u00e8mes Expert.<\/p><p><br><\/p>\n<p><b>H\u00e9bergement d\u00e9di\u00e9<\/b><br>Besoin de plus d&rsquo;espace de stockage, de ressources ou d&rsquo;un h\u00e9bergement sp\u00e9cifique ? N&rsquo;h\u00e9sitez pas \u00e0 consulter notre offre d&rsquo;h\u00e9bergement d\u00e9di\u00e9. SERVITIS met \u00e0 votre disposition des serveurs physiques dont les ressources vous sont exclusivement d\u00e9di\u00e9es pour administrer et h\u00e9berger vos pages Internet \u00e0 votre guise.<\/p><p><br><\/p>\n<p><b>H\u00e9bergement VPS (Virtual Private Server)<\/b><br>\u00c0 l\u2019instar de nombreux clients, vos donn\u00e9es peuvent \u00eatre aussi h\u00e9berg\u00e9es sur nos serveurs priv\u00e9s virtuels (VPS) qui est une m\u00e9thode de partitionnement d&rsquo;un serveur en plusieurs serveurs virtuels ind\u00e9pendants qui ont chacun les caract\u00e9ristiques d&rsquo;un serveur.<br>Les offres de serveurs priv\u00e9s virtuels de SERVITIS, vous permettent de b\u00e9n\u00e9ficier de la puissance et la flexibilit\u00e9 d&rsquo;un serveur d\u00e9di\u00e9, tout en vous d\u00e9chargeant de la gestion du mat\u00e9riel informatique.<\/p>\t\t\t\t\t\t\t\t<\/div>\n\t\t\t\t<\/div>\n\t\t\t\t\t<\/div>\n\t\t<\/div>\n\t\t\t\t\t<\/div>\n\t\t<\/section>\n\t\t\t\t\t<\/div>\n\t\t<\/div>\n\t\t\t\t\t<\/div>\n\t\t<\/section>\n\t\t\t\t<section class=\"elementor-section elementor-top-section elementor-element elementor-element-613db15 elementor-section-boxed elementor-section-height-default elementor-section-height-default\" data-id=\"613db15\" data-element_type=\"section\" data-e-type=\"section\" id=\"section_cta\" data-settings=\"{&quot;background_background&quot;:&quot;classic&quot;}\">\n\t\t\t\t\t\t<div class=\"elementor-container elementor-column-gap-default\">\n\t\t\t\t\t<div class=\"elementor-column elementor-col-50 elementor-top-column elementor-element elementor-element-6551474\" data-id=\"6551474\" data-element_type=\"column\" data-e-type=\"column\" data-settings=\"{&quot;animation&quot;:&quot;none&quot;,&quot;background_background&quot;:&quot;classic&quot;}\">\n\t\t\t<div class=\"elementor-widget-wrap elementor-element-populated\">\n\t\t\t\t\t\t<div class=\"elementor-element elementor-element-8ff423e elementor-widget elementor-widget-heading\" data-id=\"8ff423e\" data-element_type=\"widget\" data-e-type=\"widget\" data-widget_type=\"heading.default\">\n\t\t\t\t<div class=\"elementor-widget-container\">\n\t\t\t\t\t<h2 class=\"elementor-heading-title elementor-size-default\">Une Id\u00e9e, un Projet, une Question...<br \/>\nN\u2019h\u00e9sitez pas \u00e0 nous Contacter<\/h2>\t\t\t\t<\/div>\n\t\t\t\t<\/div>\n\t\t\t\t\t<\/div>\n\t\t<\/div>\n\t\t\t\t<div class=\"elementor-column elementor-col-50 elementor-top-column elementor-element elementor-element-c5baaf7\" data-id=\"c5baaf7\" data-element_type=\"column\" data-e-type=\"column\">\n\t\t\t<div class=\"elementor-widget-wrap elementor-element-populated\">\n\t\t\t\t\t\t<div class=\"elementor-element elementor-element-20c8918 elementor-align-right btn_projet_form elementor-mobile-align-left elementor-widget elementor-widget-button\" data-id=\"20c8918\" data-element_type=\"widget\" data-e-type=\"widget\" data-widget_type=\"button.default\">\n\t\t\t\t<div class=\"elementor-widget-container\">\n\t\t\t\t\t\t\t\t\t<div class=\"elementor-button-wrapper\">\n\t\t\t\t\t<a class=\"elementor-button elementor-button-link elementor-size-sm\" href=\"https:\/\/servitis.com\/demandez-un-devis\/\" id=\"btngGeneral\">\n\t\t\t\t\t\t<span class=\"elementor-button-content-wrapper\">\n\t\t\t\t\t\t\t\t\t<span class=\"elementor-button-text\">Demandez un devis<\/span>\n\t\t\t\t\t<\/span>\n\t\t\t\t\t<\/a>\n\t\t\t\t<\/div>\n\t\t\t\t\t\t\t\t<\/div>\n\t\t\t\t<\/div>\n\t\t\t\t\t<\/div>\n\t\t<\/div>\n\t\t\t\t\t<\/div>\n\t\t<\/section>\n\t\t\t\t<\/div>\n\t\t","protected":false},"excerpt":{"rendered":"<p>Depuis plus de 15 ans, SERVITIS offre des services d\u2019h\u00e9bergement professionnels et performants respectueux des standards internationaux en mati\u00e8re d\u2019infrastructure d\u2019h\u00e9bergement web. Con\u00e7ues pour garantir un service s\u00e9curis\u00e9 de haute disponibilit\u00e9, nos infrastructures d\u2019h\u00e9bergement sont continuellement surveill\u00e9es pour apporter un maximum de r\u00e9silience. &nbsp; Nos offres d&rsquo;h\u00e9bergement sont adapt\u00e9es pour tous les publics : particulier, [&hellip;]<\/p>\n","protected":false},"author":1,"featured_media":0,"parent":1574,"menu_order":0,"comment_status":"closed","ping_status":"closed","template":"","meta":{"inline_featured_image":false,"site-sidebar-layout":"no-sidebar","site-content-layout":"page-builder","ast-site-content-layout":"full-width-container","site-content-style":"unboxed","site-sidebar-style":"unboxed","ast-global-header-display":"","ast-banner-title-visibility":"","ast-main-header-display":"","ast-hfb-above-header-display":"","ast-hfb-below-header-display":"","ast-hfb-mobile-header-display":"","site-post-title":"disabled","ast-breadcrumbs-content":"","ast-featured-img":"disabled","footer-sml-layout":"","ast-disable-related-posts":"","theme-transparent-header-meta":"default","adv-header-id-meta":"","stick-header-meta":"default","header-above-stick-meta":"","header-main-stick-meta":"","header-below-stick-meta":"","astra-migrate-meta-layouts":"set","ast-page-background-enabled":"default","ast-page-background-meta":{"desktop":{"background-color":"","background-image":"","background-repeat":"repeat","background-position":"center center","background-size":"auto","background-attachment":"scroll","background-type":"","background-media":"","overlay-type":"","overlay-color":"","overlay-opacity":"","overlay-gradient":""},"tablet":{"background-color":"","background-image":"","background-repeat":"repeat","background-position":"center center","background-size":"auto","background-attachment":"scroll","background-type":"","background-media":"","overlay-type":"","overlay-color":"","overlay-opacity":"","overlay-gradient":""},"mobile":{"background-color":"","background-image":"","background-repeat":"repeat","background-position":"center center","background-size":"auto","background-attachment":"scroll","background-type":"","background-media":"","overlay-type":"","overlay-color":"","overlay-opacity":"","overlay-gradient":""}},"ast-content-background-meta":{"desktop":{"background-color":"var(--ast-global-color-5)","background-image":"","background-repeat":"repeat","background-position":"center center","background-size":"auto","background-attachment":"scroll","background-type":"","background-media":"","overlay-type":"","overlay-color":"","overlay-opacity":"","overlay-gradient":""},"tablet":{"background-color":"var(--ast-global-color-5)","background-image":"","background-repeat":"repeat","background-position":"center center","background-size":"auto","background-attachment":"scroll","background-type":"","background-media":"","overlay-type":"","overlay-color":"","overlay-opacity":"","overlay-gradient":""},"mobile":{"background-color":"var(--ast-global-color-5)","background-image":"","background-repeat":"repeat","background-position":"center center","background-size":"auto","background-attachment":"scroll","background-type":"","background-media":"","overlay-type":"","overlay-color":"","overlay-opacity":"","overlay-gradient":""}},"footnotes":""},"class_list":["post-7728","page","type-page","status-publish","hentry"],"yoast_head":"<!-- This site is optimized with the Yoast SEO Premium plugin v26.5 (Yoast SEO v27.2) - https:\/\/yoast.com\/product\/yoast-seo-premium-wordpress\/ -->\n<title>H\u00e9bergement web - Servitis - Developpeur et int\u00e9grateur de solutions informatiques, Abidjan, Cote d\u2019Ivoire<\/title>\n<meta name=\"description\" content=\"Leader de l\u2019h\u00e9bergement de site internet et application en Afrique, cote d\u2019ivoire, abidjan\" \/>\n<meta name=\"robots\" content=\"index, follow, max-snippet:-1, max-image-preview:large, max-video-preview:-1\" \/>\n<link rel=\"canonical\" href=\"https:\/\/servitis.com\/en\/nos-services\/hebergement-web-et-services-cloud\/hebergement-web\/\" \/>\n<meta property=\"og:locale\" content=\"en_GB\" \/>\n<meta property=\"og:type\" content=\"article\" \/>\n<meta property=\"og:title\" content=\"H\u00e9bergement web\" \/>\n<meta property=\"og:description\" content=\"Leader de l\u2019h\u00e9bergement de site internet et application en Afrique, cote d\u2019ivoire, abidjan\" \/>\n<meta property=\"og:url\" content=\"https:\/\/servitis.com\/en\/nos-services\/hebergement-web-et-services-cloud\/hebergement-web\/\" \/>\n<meta property=\"og:site_name\" content=\"Servitis - Developpeur et int\u00e9grateur de solutions informatiques, Abidjan, Cote d\u2019Ivoire\" \/>\n<meta property=\"article:modified_time\" content=\"2025-04-29T15:26:12+00:00\" \/>\n<meta name=\"twitter:card\" content=\"summary_large_image\" \/>\n<meta name=\"twitter:label1\" content=\"Estimated reading time\" \/>\n\t<meta name=\"twitter:data1\" content=\"2 minutes\" \/>\n<script type=\"application\/ld+json\" class=\"yoast-schema-graph\">{\"@context\":\"https:\/\/schema.org\",\"@graph\":[{\"@type\":\"WebPage\",\"@id\":\"https:\/\/servitis.com\/nos-services\/hebergement-web-et-services-cloud\/hebergement-web\/\",\"url\":\"https:\/\/servitis.com\/nos-services\/hebergement-web-et-services-cloud\/hebergement-web\/\",\"name\":\"H\u00e9bergement web - Servitis - Developpeur et int\u00e9grateur de solutions informatiques, Abidjan, Cote d\u2019Ivoire\",\"isPartOf\":{\"@id\":\"https:\/\/servitis.com\/#website\"},\"datePublished\":\"2021-08-20T10:36:43+00:00\",\"dateModified\":\"2025-04-29T15:26:12+00:00\",\"description\":\"Leader de l\u2019h\u00e9bergement de site internet et application en Afrique, cote d\u2019ivoire, abidjan\",\"breadcrumb\":{\"@id\":\"https:\/\/servitis.com\/nos-services\/hebergement-web-et-services-cloud\/hebergement-web\/#breadcrumb\"},\"inLanguage\":\"en-GB\",\"potentialAction\":[{\"@type\":\"ReadAction\",\"target\":[\"https:\/\/servitis.com\/nos-services\/hebergement-web-et-services-cloud\/hebergement-web\/\"]}]},{\"@type\":\"BreadcrumbList\",\"@id\":\"https:\/\/servitis.com\/nos-services\/hebergement-web-et-services-cloud\/hebergement-web\/#breadcrumb\",\"itemListElement\":[{\"@type\":\"ListItem\",\"position\":1,\"name\":\"Home\",\"item\":\"https:\/\/servitis.com\/\"},{\"@type\":\"ListItem\",\"position\":2,\"name\":\"Nos services\",\"item\":\"https:\/\/servitis.com\/nos-services\/\"},{\"@type\":\"ListItem\",\"position\":3,\"name\":\"H\u00e9bergement web et Services Cloud\",\"item\":\"https:\/\/servitis.com\/nos-services\/hebergement-web-et-services-cloud\/\"},{\"@type\":\"ListItem\",\"position\":4,\"name\":\"H\u00e9bergement web\"}]},{\"@type\":\"WebSite\",\"@id\":\"https:\/\/servitis.com\/#website\",\"url\":\"https:\/\/servitis.com\/\",\"name\":\"Servitis - Developpeur et int\u00e9grateur de solutions informatiques, Abidjan, Cote d\u2019Ivoire\",\"description\":\"Accueil\",\"publisher\":{\"@id\":\"https:\/\/servitis.com\/#organization\"},\"potentialAction\":[{\"@type\":\"SearchAction\",\"target\":{\"@type\":\"EntryPoint\",\"urlTemplate\":\"https:\/\/servitis.com\/?s={search_term_string}\"},\"query-input\":{\"@type\":\"PropertyValueSpecification\",\"valueRequired\":true,\"valueName\":\"search_term_string\"}}],\"inLanguage\":\"en-GB\"},{\"@type\":\"Organization\",\"@id\":\"https:\/\/servitis.com\/#organization\",\"name\":\"Servitis - Developpeur et int\u00e9grateur de solutions informatiques, Abidjan, Cote d\u2019Ivoire\",\"url\":\"https:\/\/servitis.com\/\",\"logo\":{\"@type\":\"ImageObject\",\"inLanguage\":\"en-GB\",\"@id\":\"https:\/\/servitis.com\/#\/schema\/logo\/image\/\",\"url\":\"https:\/\/servitis.com\/wp-content\/uploads\/2021\/06\/Servitis\u00ae.svg\",\"contentUrl\":\"https:\/\/servitis.com\/wp-content\/uploads\/2021\/06\/Servitis\u00ae.svg\",\"width\":141,\"height\":29,\"caption\":\"Servitis - Developpeur et int\u00e9grateur de solutions informatiques, Abidjan, Cote d\u2019Ivoire\"},\"image\":{\"@id\":\"https:\/\/servitis.com\/#\/schema\/logo\/image\/\"}}]}<\/script>\n<!-- \/ Yoast SEO Premium plugin. -->","yoast_head_json":{"title":"H\u00e9bergement web - Servitis - Developpeur et int\u00e9grateur de solutions informatiques, Abidjan, Cote d\u2019Ivoire","description":"Leader de l\u2019h\u00e9bergement de site internet et application en Afrique, cote d\u2019ivoire, abidjan","robots":{"index":"index","follow":"follow","max-snippet":"max-snippet:-1","max-image-preview":"max-image-preview:large","max-video-preview":"max-video-preview:-1"},"canonical":"https:\/\/servitis.com\/en\/nos-services\/hebergement-web-et-services-cloud\/hebergement-web\/","og_locale":"en_GB","og_type":"article","og_title":"H\u00e9bergement web","og_description":"Leader de l\u2019h\u00e9bergement de site internet et application en Afrique, cote d\u2019ivoire, abidjan","og_url":"https:\/\/servitis.com\/en\/nos-services\/hebergement-web-et-services-cloud\/hebergement-web\/","og_site_name":"Servitis - Developpeur et int\u00e9grateur de solutions informatiques, Abidjan, Cote d\u2019Ivoire","article_modified_time":"2025-04-29T15:26:12+00:00","twitter_card":"summary_large_image","twitter_misc":{"Estimated reading time":"2 minutes"},"schema":{"@context":"https:\/\/schema.org","@graph":[{"@type":"WebPage","@id":"https:\/\/servitis.com\/nos-services\/hebergement-web-et-services-cloud\/hebergement-web\/","url":"https:\/\/servitis.com\/nos-services\/hebergement-web-et-services-cloud\/hebergement-web\/","name":"H\u00e9bergement web - Servitis - Developpeur et int\u00e9grateur de solutions informatiques, Abidjan, Cote d\u2019Ivoire","isPartOf":{"@id":"https:\/\/servitis.com\/#website"},"datePublished":"2021-08-20T10:36:43+00:00","dateModified":"2025-04-29T15:26:12+00:00","description":"Leader de l\u2019h\u00e9bergement de site internet et application en Afrique, cote d\u2019ivoire, abidjan","breadcrumb":{"@id":"https:\/\/servitis.com\/nos-services\/hebergement-web-et-services-cloud\/hebergement-web\/#breadcrumb"},"inLanguage":"en-GB","potentialAction":[{"@type":"ReadAction","target":["https:\/\/servitis.com\/nos-services\/hebergement-web-et-services-cloud\/hebergement-web\/"]}]},{"@type":"BreadcrumbList","@id":"https:\/\/servitis.com\/nos-services\/hebergement-web-et-services-cloud\/hebergement-web\/#breadcrumb","itemListElement":[{"@type":"ListItem","position":1,"name":"Home","item":"https:\/\/servitis.com\/"},{"@type":"ListItem","position":2,"name":"Nos services","item":"https:\/\/servitis.com\/nos-services\/"},{"@type":"ListItem","position":3,"name":"H\u00e9bergement web et Services Cloud","item":"https:\/\/servitis.com\/nos-services\/hebergement-web-et-services-cloud\/"},{"@type":"ListItem","position":4,"name":"H\u00e9bergement web"}]},{"@type":"WebSite","@id":"https:\/\/servitis.com\/#website","url":"https:\/\/servitis.com\/","name":"Servitis - Developpeur et int\u00e9grateur de solutions informatiques, Abidjan, Cote d\u2019Ivoire","description":"Accueil","publisher":{"@id":"https:\/\/servitis.com\/#organization"},"potentialAction":[{"@type":"SearchAction","target":{"@type":"EntryPoint","urlTemplate":"https:\/\/servitis.com\/?s={search_term_string}"},"query-input":{"@type":"PropertyValueSpecification","valueRequired":true,"valueName":"search_term_string"}}],"inLanguage":"en-GB"},{"@type":"Organization","@id":"https:\/\/servitis.com\/#organization","name":"Servitis - Developpeur et int\u00e9grateur de solutions informatiques, Abidjan, Cote d\u2019Ivoire","url":"https:\/\/servitis.com\/","logo":{"@type":"ImageObject","inLanguage":"en-GB","@id":"https:\/\/servitis.com\/#\/schema\/logo\/image\/","url":"https:\/\/servitis.com\/wp-content\/uploads\/2021\/06\/Servitis\u00ae.svg","contentUrl":"https:\/\/servitis.com\/wp-content\/uploads\/2021\/06\/Servitis\u00ae.svg","width":141,"height":29,"caption":"Servitis - Developpeur et int\u00e9grateur de solutions informatiques, Abidjan, Cote d\u2019Ivoire"},"image":{"@id":"https:\/\/servitis.com\/#\/schema\/logo\/image\/"}}]}},"_links":{"self":[{"href":"https:\/\/servitis.com\/en\/wp-json\/wp\/v2\/pages\/7728","targetHints":{"allow":["GET"]}}],"collection":[{"href":"https:\/\/servitis.com\/en\/wp-json\/wp\/v2\/pages"}],"about":[{"href":"https:\/\/servitis.com\/en\/wp-json\/wp\/v2\/types\/page"}],"author":[{"embeddable":true,"href":"https:\/\/servitis.com\/en\/wp-json\/wp\/v2\/users\/1"}],"replies":[{"embeddable":true,"href":"https:\/\/servitis.com\/en\/wp-json\/wp\/v2\/comments?post=7728"}],"version-history":[{"count":51,"href":"https:\/\/servitis.com\/en\/wp-json\/wp\/v2\/pages\/7728\/revisions"}],"predecessor-version":[{"id":12956,"href":"https:\/\/servitis.com\/en\/wp-json\/wp\/v2\/pages\/7728\/revisions\/12956"}],"up":[{"embeddable":true,"href":"https:\/\/servitis.com\/en\/wp-json\/wp\/v2\/pages\/1574"}],"wp:attachment":[{"href":"https:\/\/servitis.com\/en\/wp-json\/wp\/v2\/media?parent=7728"}],"curies":[{"name":"wp","href":"https:\/\/api.w.org\/{rel}","templated":true}]}}