{"id":8059,"date":"2021-08-25T15:32:22","date_gmt":"2021-08-25T15:32:22","guid":{"rendered":"http:\/\/localhost\/servitis-refonte\/?page_id=8059"},"modified":"2021-08-26T12:01:38","modified_gmt":"2021-08-26T12:01:38","slug":"mentions-legales","status":"publish","type":"page","link":"https:\/\/servitis.com\/en\/mentions-legales\/","title":{"rendered":"Terms of use"},"content":{"rendered":"\t\t<div data-elementor-type=\"wp-page\" data-elementor-id=\"8059\" class=\"elementor elementor-8059\" data-elementor-post-type=\"page\">\n\t\t\t\t\t\t<section class=\"elementor-section elementor-top-section elementor-element elementor-element-d400795 elementor-section-full_width elementor-section-stretched elementor-section-height-default elementor-section-height-default\" data-id=\"d400795\" data-element_type=\"section\" data-e-type=\"section\" data-settings=\"{&quot;background_background&quot;:&quot;classic&quot;,&quot;stretch_section&quot;:&quot;section-stretched&quot;}\">\n\t\t\t\t\t\t<div class=\"elementor-container elementor-column-gap-default\">\n\t\t\t\t\t<div class=\"elementor-column elementor-col-100 elementor-top-column elementor-element elementor-element-8f13af2\" data-id=\"8f13af2\" data-element_type=\"column\" data-e-type=\"column\">\n\t\t\t<div class=\"elementor-widget-wrap elementor-element-populated\">\n\t\t\t\t\t\t<div class=\"elementor-element elementor-element-ee5101d elementor-widget elementor-widget-slider_revolution\" data-id=\"ee5101d\" data-element_type=\"widget\" data-e-type=\"widget\" data-widget_type=\"slider_revolution.default\">\n\t\t\t\t<div class=\"elementor-widget-container\">\n\t\t\t\t\t\n\t\t<div class=\"wp-block-themepunch-revslider\">\n\t\t\t<!-- START Mention Legales REVOLUTION SLIDER 6.7.41 --><p class=\"rs-p-wp-fix\"><\/p>\n\t\t\t<rs-module-wrap id=\"rev_slider_69_1_wrapper\" data-source=\"gallery\" style=\"visibility:hidden;background:transparent;padding:0;margin:0px auto;margin-top:0;margin-bottom:0;\">\n\t\t\t\t<rs-module id=\"rev_slider_69_1\" style=\"\" data-version=\"6.7.41\">\n\t\t\t\t\t<rs-slides style=\"overflow: hidden; position: absolute;\">\n\t\t\t\t\t\t<rs-slide style=\"position: absolute;\" data-key=\"rs-74\" data-title=\"Slide\" data-anim=\"adpr:false;\" data-in=\"o:0;\" data-out=\"a:false;\">\n\t\t\t\t\t\t\t<img decoding=\"async\" src=\"\/\/servitis.com\/wp-content\/plugins\/revslider\/sr6\/assets\/assets\/dummy.png\" alt=\"Slide\" title=\"Mentions l\u00e9gales\" class=\"rev-slidebg tp-rs-img rs-lazyload\" data-lazyload=\"\/\/servitis.com\/wp-content\/plugins\/revslider\/sr6\/assets\/assets\/transparent.png\" data-no-retina>\n<!--\n\t\t\t\t\t\t\t--><rs-layer\n\t\t\t\t\t\t\t\tid=\"slider-69-slide-74-layer-3\" \n\t\t\t\t\t\t\t\tdata-type=\"text\"\n\t\t\t\t\t\t\t\tdata-color=\"#333333\"\n\t\t\t\t\t\t\t\tdata-rsp_ch=\"on\"\n\t\t\t\t\t\t\t\tdata-xy=\"x:48px;y:317px;\"\n\t\t\t\t\t\t\t\tdata-text=\"w:normal;s:60;l:70;fw:900;\"\n\t\t\t\t\t\t\t\tdata-frame_0=\"x:-100%;\"\n\t\t\t\t\t\t\t\tdata-frame_0_mask=\"u:t;\"\n\t\t\t\t\t\t\t\tdata-frame_1=\"sp:1000;\"\n\t\t\t\t\t\t\t\tdata-frame_1_mask=\"u:t;\"\n\t\t\t\t\t\t\t\tdata-frame_999=\"o:0;st:w;\"\n\t\t\t\t\t\t\t\tstyle=\"z-index:8;font-family:'Roboto';\"\n\t\t\t\t\t\t\t>Mentions l\u00e9gales  \n\t\t\t\t\t\t\t<\/rs-layer><!--\n-->\t\t\t\t\t<\/rs-slide>\n\t\t\t\t\t<\/rs-slides>\n\t\t\t\t<\/rs-module>\n\t\t\t\t<script>\n\t\t\t\t\tsetREVStartSize({c: 'rev_slider_69_1',rl:[1240,1024,778,480],el:[484],gw:[1600],gh:[484],type:'standard',justify:'',layout:'fullwidth',mh:\"0\"});if (window.RS_MODULES!==undefined && window.RS_MODULES.modules!==undefined && window.RS_MODULES.modules[\"revslider691\"]!==undefined) {window.RS_MODULES.modules[\"revslider691\"].once = false;window.revapi69 = undefined;if (window.RS_MODULES.checkMinimal!==undefined) window.RS_MODULES.checkMinimal()}\n\t\t\t\t<\/script>\n\t\t\t<\/rs-module-wrap>\n\t\t\t<!-- END REVOLUTION SLIDER -->\n<\/div>\n\n\t\t\t\t\t\t<\/div>\n\t\t\t\t<\/div>\n\t\t\t\t\t<\/div>\n\t\t<\/div>\n\t\t\t\t\t<\/div>\n\t\t<\/section>\n\t\t\t\t<section class=\"elementor-section elementor-top-section elementor-element elementor-element-aeadd94 elementor-section-boxed elementor-section-height-default elementor-section-height-default\" data-id=\"aeadd94\" data-element_type=\"section\" data-e-type=\"section\">\n\t\t\t\t\t\t<div class=\"elementor-container elementor-column-gap-default\">\n\t\t\t\t\t<div class=\"elementor-column elementor-col-100 elementor-top-column elementor-element elementor-element-be56d49\" data-id=\"be56d49\" data-element_type=\"column\" data-e-type=\"column\">\n\t\t\t<div class=\"elementor-widget-wrap elementor-element-populated\">\n\t\t\t\t\t\t<div class=\"elementor-element elementor-element-85b16c9 elementor-widget elementor-widget-text-editor\" data-id=\"85b16c9\" data-element_type=\"widget\" data-e-type=\"widget\" data-widget_type=\"text-editor.default\">\n\t\t\t\t<div class=\"elementor-widget-container\">\n\t\t\t\t\t\t\t\t\t<p>Nous portons \u00e0 la connaissance des utilisateurs de notre plateforme les mentions l\u00e9gales ci-apr\u00e8s :<\/p><p><strong>ARTICLE 1 : L\u2019\u00e9diteur<\/strong><\/p><p>L\u2019\u00e9dition du site internet <a href=\"http:\/\/www.servitis.com\">www.servitis.com<\/a> est la Soci\u00e9t\u00e9 SERVITIS, entreprise informatique bas\u00e9e \u00e0 Abidjan &#8211; Riviera III &#8211; Carrefour Sainte Famille, 2\u00e8 \u00e9tage r\u00e9sidence de la paix &#8211; 09 BP 1815 Abidjan 09 &#8211; T\u00e9l. : 27 22 49 14 10 \/ 07 07 86 50 14 inscrite au RCCM sous le N0 CI-ABJ-2005-A-3686<\/p><p><strong>ARTICLE 2 : Acc\u00e8s au site<\/strong><\/p><p>Le site est accessible 7j\/7, 24h\/24 sauf cas de force majeure, interruption programm\u00e9e ou non et pouvant d\u00e9couler d\u2019une n\u00e9cessit\u00e9 de maintenance. En cas d\u2019interruption ou suspension de notre site internet <a href=\"http:\/\/www.servitis.com\">www.servitis.com<\/a>, SERVITIS ne saurait \u00eatre tenu responsable.<\/p><p><strong>ARTICLE 3 : Collecte des donn\u00e9es<\/strong><\/p><p>Le site internet prend en compte la d\u00e9claration de la Commission Nationale Informatique et Libert\u00e9s (CNIL) dans la mesure o\u00f9 il ne collecte des donn\u00e9es personnelles des utilisateurs.<\/p><p><strong>ARTICLE 4 : Cookies<\/strong><\/p><p>L\u2019Utilisateur est inform\u00e9 que lors de ses visites sur le site internet, un cookie est install\u00e9 automatiquement sur son logiciel de navigation. En naviguant sur le site, il les accepte.<\/p><p>Un cookie est un \u00e9l\u00e9ment qui ne permet pas d\u2019identifier l\u2019Utilisateur mais sert \u00e0 enregistrer des informations relatives \u00e0 la navigation de celui-ci sur le site Internet. L\u2019Utilisateur pourra d\u00e9sactiver ce cookie par l\u2019interm\u00e9diaire des param\u00e8tres figurant au sein de son logiciel de navigation.<\/p><p><strong>ARTICLE 5 : Propri\u00e9t\u00e9 intellectuelle<\/strong><\/p><p>Toute utilisation, reproduction, diffusion, commercialisation, modification de toute ou partie du site internet de SERVITIS www.servitis.com, sans autorisation de l\u2019Editeur est prohib\u00e9e et pourra entra\u00een\u00e9e des actions et poursuites judiciaires telles que notamment pr\u00e9vues par le Code de la propri\u00e9t\u00e9 intellectuelle et le Code civil.<\/p>\t\t\t\t\t\t\t\t<\/div>\n\t\t\t\t<\/div>\n\t\t\t\t\t<\/div>\n\t\t<\/div>\n\t\t\t\t\t<\/div>\n\t\t<\/section>\n\t\t\t\t<\/div>\n\t\t","protected":false},"excerpt":{"rendered":"<p>Nous portons \u00e0 la connaissance des utilisateurs de notre plateforme les mentions l\u00e9gales ci-apr\u00e8s : ARTICLE 1 : L\u2019\u00e9diteur L\u2019\u00e9dition du site internet www.servitis.com est la Soci\u00e9t\u00e9 SERVITIS, entreprise informatique bas\u00e9e \u00e0 Abidjan &#8211; Riviera III &#8211; Carrefour Sainte Famille, 2\u00e8 \u00e9tage r\u00e9sidence de la paix &#8211; 09 BP 1815 Abidjan 09 &#8211; T\u00e9l. : [&hellip;]<\/p>\n","protected":false},"author":1,"featured_media":0,"parent":0,"menu_order":0,"comment_status":"closed","ping_status":"closed","template":"","meta":{"inline_featured_image":false,"site-sidebar-layout":"no-sidebar","site-content-layout":"page-builder","ast-site-content-layout":"default","site-content-style":"default","site-sidebar-style":"default","ast-global-header-display":"","ast-banner-title-visibility":"","ast-main-header-display":"","ast-hfb-above-header-display":"","ast-hfb-below-header-display":"","ast-hfb-mobile-header-display":"","site-post-title":"disabled","ast-breadcrumbs-content":"","ast-featured-img":"disabled","footer-sml-layout":"","ast-disable-related-posts":"","theme-transparent-header-meta":"default","adv-header-id-meta":"","stick-header-meta":"default","header-above-stick-meta":"","header-main-stick-meta":"","header-below-stick-meta":"","astra-migrate-meta-layouts":"default","ast-page-background-enabled":"default","ast-page-background-meta":{"desktop":{"background-color":"","background-image":"","background-repeat":"repeat","background-position":"center center","background-size":"auto","background-attachment":"scroll","background-type":"","background-media":"","overlay-type":"","overlay-color":"","overlay-opacity":"","overlay-gradient":""},"tablet":{"background-color":"","background-image":"","background-repeat":"repeat","background-position":"center center","background-size":"auto","background-attachment":"scroll","background-type":"","background-media":"","overlay-type":"","overlay-color":"","overlay-opacity":"","overlay-gradient":""},"mobile":{"background-color":"","background-image":"","background-repeat":"repeat","background-position":"center center","background-size":"auto","background-attachment":"scroll","background-type":"","background-media":"","overlay-type":"","overlay-color":"","overlay-opacity":"","overlay-gradient":""}},"ast-content-background-meta":{"desktop":{"background-color":"var(--ast-global-color-5)","background-image":"","background-repeat":"repeat","background-position":"center center","background-size":"auto","background-attachment":"scroll","background-type":"","background-media":"","overlay-type":"","overlay-color":"","overlay-opacity":"","overlay-gradient":""},"tablet":{"background-color":"var(--ast-global-color-5)","background-image":"","background-repeat":"repeat","background-position":"center center","background-size":"auto","background-attachment":"scroll","background-type":"","background-media":"","overlay-type":"","overlay-color":"","overlay-opacity":"","overlay-gradient":""},"mobile":{"background-color":"var(--ast-global-color-5)","background-image":"","background-repeat":"repeat","background-position":"center center","background-size":"auto","background-attachment":"scroll","background-type":"","background-media":"","overlay-type":"","overlay-color":"","overlay-opacity":"","overlay-gradient":""}},"footnotes":""},"class_list":["post-8059","page","type-page","status-publish","hentry"],"yoast_head":"<!-- This site is optimized with the Yoast SEO Premium plugin v26.5 (Yoast SEO v27.2) - https:\/\/yoast.com\/product\/yoast-seo-premium-wordpress\/ -->\n<title>Mentions l\u00e9gales - Servitis - Developpeur et int\u00e9grateur de solutions informatiques, Abidjan, Cote d\u2019Ivoire<\/title>\n<meta name=\"robots\" content=\"index, follow, max-snippet:-1, max-image-preview:large, max-video-preview:-1\" \/>\n<link rel=\"canonical\" href=\"https:\/\/servitis.com\/en\/mentions-legales\/\" \/>\n<meta property=\"og:locale\" content=\"en_GB\" \/>\n<meta property=\"og:type\" content=\"article\" \/>\n<meta property=\"og:title\" content=\"Mentions l\u00e9gales\" \/>\n<meta property=\"og:description\" content=\"Nous portons \u00e0 la connaissance des utilisateurs de notre plateforme les mentions l\u00e9gales ci-apr\u00e8s : ARTICLE 1 : L\u2019\u00e9diteur L\u2019\u00e9dition du site internet www.servitis.com est la Soci\u00e9t\u00e9 SERVITIS, entreprise informatique bas\u00e9e \u00e0 Abidjan &#8211; Riviera III &#8211; Carrefour Sainte Famille, 2\u00e8 \u00e9tage r\u00e9sidence de la paix &#8211; 09 BP 1815 Abidjan 09 &#8211; T\u00e9l. : [&hellip;]\" \/>\n<meta property=\"og:url\" content=\"https:\/\/servitis.com\/en\/mentions-legales\/\" \/>\n<meta property=\"og:site_name\" content=\"Servitis - Developpeur et int\u00e9grateur de solutions informatiques, Abidjan, Cote d\u2019Ivoire\" \/>\n<meta property=\"article:modified_time\" content=\"2021-08-26T12:01:38+00:00\" \/>\n<meta name=\"twitter:card\" content=\"summary_large_image\" \/>\n<meta name=\"twitter:label1\" content=\"Estimated reading time\" \/>\n\t<meta name=\"twitter:data1\" content=\"1 minute\" \/>\n<script type=\"application\/ld+json\" class=\"yoast-schema-graph\">{\"@context\":\"https:\/\/schema.org\",\"@graph\":[{\"@type\":\"WebPage\",\"@id\":\"https:\/\/servitis.com\/mentions-legales\/\",\"url\":\"https:\/\/servitis.com\/mentions-legales\/\",\"name\":\"Mentions l\u00e9gales - Servitis - Developpeur et int\u00e9grateur de solutions informatiques, Abidjan, Cote d\u2019Ivoire\",\"isPartOf\":{\"@id\":\"https:\/\/servitis.com\/#website\"},\"datePublished\":\"2021-08-25T15:32:22+00:00\",\"dateModified\":\"2021-08-26T12:01:38+00:00\",\"breadcrumb\":{\"@id\":\"https:\/\/servitis.com\/mentions-legales\/#breadcrumb\"},\"inLanguage\":\"en-GB\",\"potentialAction\":[{\"@type\":\"ReadAction\",\"target\":[\"https:\/\/servitis.com\/mentions-legales\/\"]}]},{\"@type\":\"BreadcrumbList\",\"@id\":\"https:\/\/servitis.com\/mentions-legales\/#breadcrumb\",\"itemListElement\":[{\"@type\":\"ListItem\",\"position\":1,\"name\":\"Home\",\"item\":\"https:\/\/servitis.com\/\"},{\"@type\":\"ListItem\",\"position\":2,\"name\":\"Mentions l\u00e9gales\"}]},{\"@type\":\"WebSite\",\"@id\":\"https:\/\/servitis.com\/#website\",\"url\":\"https:\/\/servitis.com\/\",\"name\":\"Servitis - Developpeur et int\u00e9grateur de solutions informatiques, Abidjan, Cote d\u2019Ivoire\",\"description\":\"Accueil\",\"publisher\":{\"@id\":\"https:\/\/servitis.com\/#organization\"},\"potentialAction\":[{\"@type\":\"SearchAction\",\"target\":{\"@type\":\"EntryPoint\",\"urlTemplate\":\"https:\/\/servitis.com\/?s={search_term_string}\"},\"query-input\":{\"@type\":\"PropertyValueSpecification\",\"valueRequired\":true,\"valueName\":\"search_term_string\"}}],\"inLanguage\":\"en-GB\"},{\"@type\":\"Organization\",\"@id\":\"https:\/\/servitis.com\/#organization\",\"name\":\"Servitis - Developpeur et int\u00e9grateur de solutions informatiques, Abidjan, Cote d\u2019Ivoire\",\"url\":\"https:\/\/servitis.com\/\",\"logo\":{\"@type\":\"ImageObject\",\"inLanguage\":\"en-GB\",\"@id\":\"https:\/\/servitis.com\/#\/schema\/logo\/image\/\",\"url\":\"https:\/\/servitis.com\/wp-content\/uploads\/2021\/06\/Servitis\u00ae.svg\",\"contentUrl\":\"https:\/\/servitis.com\/wp-content\/uploads\/2021\/06\/Servitis\u00ae.svg\",\"width\":141,\"height\":29,\"caption\":\"Servitis - Developpeur et int\u00e9grateur de solutions informatiques, Abidjan, Cote d\u2019Ivoire\"},\"image\":{\"@id\":\"https:\/\/servitis.com\/#\/schema\/logo\/image\/\"}}]}<\/script>\n<!-- \/ Yoast SEO Premium plugin. -->","yoast_head_json":{"title":"Mentions l\u00e9gales - Servitis - Developpeur et int\u00e9grateur de solutions informatiques, Abidjan, Cote d\u2019Ivoire","robots":{"index":"index","follow":"follow","max-snippet":"max-snippet:-1","max-image-preview":"max-image-preview:large","max-video-preview":"max-video-preview:-1"},"canonical":"https:\/\/servitis.com\/en\/mentions-legales\/","og_locale":"en_GB","og_type":"article","og_title":"Mentions l\u00e9gales","og_description":"Nous portons \u00e0 la connaissance des utilisateurs de notre plateforme les mentions l\u00e9gales ci-apr\u00e8s : ARTICLE 1 : L\u2019\u00e9diteur L\u2019\u00e9dition du site internet www.servitis.com est la Soci\u00e9t\u00e9 SERVITIS, entreprise informatique bas\u00e9e \u00e0 Abidjan &#8211; Riviera III &#8211; Carrefour Sainte Famille, 2\u00e8 \u00e9tage r\u00e9sidence de la paix &#8211; 09 BP 1815 Abidjan 09 &#8211; T\u00e9l. : [&hellip;]","og_url":"https:\/\/servitis.com\/en\/mentions-legales\/","og_site_name":"Servitis - Developpeur et int\u00e9grateur de solutions informatiques, Abidjan, Cote d\u2019Ivoire","article_modified_time":"2021-08-26T12:01:38+00:00","twitter_card":"summary_large_image","twitter_misc":{"Estimated reading time":"1 minute"},"schema":{"@context":"https:\/\/schema.org","@graph":[{"@type":"WebPage","@id":"https:\/\/servitis.com\/mentions-legales\/","url":"https:\/\/servitis.com\/mentions-legales\/","name":"Mentions l\u00e9gales - Servitis - Developpeur et int\u00e9grateur de solutions informatiques, Abidjan, Cote d\u2019Ivoire","isPartOf":{"@id":"https:\/\/servitis.com\/#website"},"datePublished":"2021-08-25T15:32:22+00:00","dateModified":"2021-08-26T12:01:38+00:00","breadcrumb":{"@id":"https:\/\/servitis.com\/mentions-legales\/#breadcrumb"},"inLanguage":"en-GB","potentialAction":[{"@type":"ReadAction","target":["https:\/\/servitis.com\/mentions-legales\/"]}]},{"@type":"BreadcrumbList","@id":"https:\/\/servitis.com\/mentions-legales\/#breadcrumb","itemListElement":[{"@type":"ListItem","position":1,"name":"Home","item":"https:\/\/servitis.com\/"},{"@type":"ListItem","position":2,"name":"Mentions l\u00e9gales"}]},{"@type":"WebSite","@id":"https:\/\/servitis.com\/#website","url":"https:\/\/servitis.com\/","name":"Servitis - Developpeur et int\u00e9grateur de solutions informatiques, Abidjan, Cote d\u2019Ivoire","description":"Accueil","publisher":{"@id":"https:\/\/servitis.com\/#organization"},"potentialAction":[{"@type":"SearchAction","target":{"@type":"EntryPoint","urlTemplate":"https:\/\/servitis.com\/?s={search_term_string}"},"query-input":{"@type":"PropertyValueSpecification","valueRequired":true,"valueName":"search_term_string"}}],"inLanguage":"en-GB"},{"@type":"Organization","@id":"https:\/\/servitis.com\/#organization","name":"Servitis - Developpeur et int\u00e9grateur de solutions informatiques, Abidjan, Cote d\u2019Ivoire","url":"https:\/\/servitis.com\/","logo":{"@type":"ImageObject","inLanguage":"en-GB","@id":"https:\/\/servitis.com\/#\/schema\/logo\/image\/","url":"https:\/\/servitis.com\/wp-content\/uploads\/2021\/06\/Servitis\u00ae.svg","contentUrl":"https:\/\/servitis.com\/wp-content\/uploads\/2021\/06\/Servitis\u00ae.svg","width":141,"height":29,"caption":"Servitis - Developpeur et int\u00e9grateur de solutions informatiques, Abidjan, Cote d\u2019Ivoire"},"image":{"@id":"https:\/\/servitis.com\/#\/schema\/logo\/image\/"}}]}},"_links":{"self":[{"href":"https:\/\/servitis.com\/en\/wp-json\/wp\/v2\/pages\/8059","targetHints":{"allow":["GET"]}}],"collection":[{"href":"https:\/\/servitis.com\/en\/wp-json\/wp\/v2\/pages"}],"about":[{"href":"https:\/\/servitis.com\/en\/wp-json\/wp\/v2\/types\/page"}],"author":[{"embeddable":true,"href":"https:\/\/servitis.com\/en\/wp-json\/wp\/v2\/users\/1"}],"replies":[{"embeddable":true,"href":"https:\/\/servitis.com\/en\/wp-json\/wp\/v2\/comments?post=8059"}],"version-history":[{"count":26,"href":"https:\/\/servitis.com\/en\/wp-json\/wp\/v2\/pages\/8059\/revisions"}],"predecessor-version":[{"id":8169,"href":"https:\/\/servitis.com\/en\/wp-json\/wp\/v2\/pages\/8059\/revisions\/8169"}],"wp:attachment":[{"href":"https:\/\/servitis.com\/en\/wp-json\/wp\/v2\/media?parent=8059"}],"curies":[{"name":"wp","href":"https:\/\/api.w.org\/{rel}","templated":true}]}}