{"id":8159,"date":"2021-08-26T11:49:18","date_gmt":"2021-08-26T11:49:18","guid":{"rendered":"http:\/\/localhost\/servitis-refonte\/?page_id=8159"},"modified":"2021-08-26T12:17:13","modified_gmt":"2021-08-26T12:17:13","slug":"politique-de-confidentialite","status":"publish","type":"page","link":"https:\/\/servitis.com\/en\/politique-de-confidentialite\/","title":{"rendered":"politique de confidentialit\u00e9"},"content":{"rendered":"\n\t\t\t<!-- START politique de confidentialit\u00e9 REVOLUTION SLIDER 6.7.41 --><p class=\"rs-p-wp-fix\"><\/p>\n\t\t\t<rs-module-wrap id=\"rev_slider_71_1_wrapper\" data-source=\"gallery\" style=\"visibility:hidden;background:transparent;padding:0;margin:0px auto;margin-top:0;margin-bottom:0;\">\n\t\t\t\t<rs-module id=\"rev_slider_71_1\" style=\"\" data-version=\"6.7.41\">\n\t\t\t\t\t<rs-slides style=\"overflow: hidden; position: absolute;\">\n\t\t\t\t\t\t<rs-slide style=\"position: absolute;\" data-key=\"rs-76\" data-title=\"Slide\" data-anim=\"adpr:false;\" data-in=\"o:0;\" data-out=\"a:false;\">\n\t\t\t\t\t\t\t<img decoding=\"async\" src=\"\/\/servitis.com\/wp-content\/plugins\/revslider\/sr6\/assets\/assets\/dummy.png\" alt=\"Slide\" title=\"politique de confidentialit\u00e9\" class=\"rev-slidebg tp-rs-img rs-lazyload\" data-lazyload=\"\/\/servitis.com\/wp-content\/plugins\/revslider\/sr6\/assets\/assets\/transparent.png\" data-no-retina>\n<!--\n\t\t\t\t\t\t\t--><rs-layer\n\t\t\t\t\t\t\t\tid=\"slider-71-slide-76-layer-3\" \n\t\t\t\t\t\t\t\tdata-type=\"text\"\n\t\t\t\t\t\t\t\tdata-color=\"#333333\"\n\t\t\t\t\t\t\t\tdata-rsp_ch=\"on\"\n\t\t\t\t\t\t\t\tdata-xy=\"x:48px;y:317px;\"\n\t\t\t\t\t\t\t\tdata-text=\"w:normal;s:60;l:70;fw:900;\"\n\t\t\t\t\t\t\t\tdata-frame_0=\"x:-100%;\"\n\t\t\t\t\t\t\t\tdata-frame_0_mask=\"u:t;\"\n\t\t\t\t\t\t\t\tdata-frame_1=\"sp:1000;\"\n\t\t\t\t\t\t\t\tdata-frame_1_mask=\"u:t;\"\n\t\t\t\t\t\t\t\tdata-frame_999=\"o:0;st:w;\"\n\t\t\t\t\t\t\t\tstyle=\"z-index:8;font-family:'Roboto';\"\n\t\t\t\t\t\t\t>Politique de confidentialit\u00e9 \n\t\t\t\t\t\t\t<\/rs-layer><!--\n-->\t\t\t\t\t<\/rs-slide>\n\t\t\t\t\t<\/rs-slides>\n\t\t\t\t<\/rs-module>\n\t\t\t\t<script>\n\t\t\t\t\tsetREVStartSize({c: 'rev_slider_71_1',rl:[1240,1024,778,480],el:[484],gw:[1600],gh:[484],type:'standard',justify:'',layout:'fullwidth',mh:\"0\"});if (window.RS_MODULES!==undefined && window.RS_MODULES.modules!==undefined && window.RS_MODULES.modules[\"revslider711\"]!==undefined) {window.RS_MODULES.modules[\"revslider711\"].once = false;window.revapi71 = undefined;if (window.RS_MODULES.checkMinimal!==undefined) window.RS_MODULES.checkMinimal()}\n\t\t\t\t<\/script>\n\t\t\t<\/rs-module-wrap>\n\t\t\t<!-- END REVOLUTION SLIDER -->\n\n<p><strong>Introduction<\/strong><\/p>\n<p>Votre vie priv\u00e9e est importante il est donc n\u00e9cessaire d\u2019y apporter une attention particuli\u00e8re \u00e0 sa protection et nous nous engageons \u00e0 la respecter. Notre Politique de confidentialit\u00e9 vous explique quelles informations nous recueillons, comment nous les utilisons, et conservons.<\/p>\n<p><strong>Les donn\u00e9es que nous collectons<\/strong><\/p>\n<p>Les renseignements personnels que nous collectons sont recueillis au travers de formulaires et gr\u00e2ce \u00e0 l\u2019interactivit\u00e9 \u00e9tablie entre vous et notre site internet. Il s\u2019agit entre autres de :<\/p>\n<ul>\n<li>Nom et Pr\u00e9noms<\/li>\n<li>Adresse \u00e9lectronique<\/li>\n<li>Num\u00e9ro de t\u00e9l\u00e9phone<\/li>\n<li>Situation g\u00e9ographique<\/li>\n<\/ul>\n<p><strong>Quelle utilisation des donn\u00e9es<\/strong><\/p>\n<p>Vos informations sont utilis\u00e9es uniquement lorsque cette utilisation repose sur l\u2019une des bases l\u00e9gales pr\u00e9vues par la r\u00e9glementation de protection des donn\u00e9es \u00e0 caract\u00e8re personnel, notamment :<\/p>\n<ul>\n<li>Pour remplir nos obligations contractuelles ou pour l\u2019ex\u00e9cution de mesures pr\u00e9contractuelles prises \u00e0 votre demande ;<\/li>\n<li>Pour remplir nos obligations l\u00e9gales ;<\/li>\n<li>Dans la mesure n\u00e9cessaire dans l\u2019int\u00e9r\u00eat du public ;<\/li>\n<li>Pour prot\u00e9ger nos int\u00e9r\u00eats l\u00e9gitimes ;<\/li>\n<\/ul>\n<p>Nous utilisons \u00e9galement les renseignements collect\u00e9s pour les finalit\u00e9s suivantes :<\/p>\n<ul>\n<li>Informations<\/li>\n<li>Offres promotionnelles<\/li>\n<li>Statistiques<\/li>\n<li>Contact<\/li>\n<li>Newsletter<\/li>\n<\/ul>\n<p><strong>Droit d\u2019opposition et de retrait<\/strong><\/p>\n<p>Nous nous engageons \u00e0 vous offrir un droit d\u2019opposition et de retrait quant \u00e0 vos renseignements personnels. Le droit d\u2019opposition s\u2019entend comme \u00e9tant la possibilit\u00e9 offerte aux internautes de refuser que leurs renseignements personnels soient utilis\u00e9s \u00e0 certaines fins mentionn\u00e9es lors de la collecte.<\/p>\n<p>Le droit de retrait s\u2019entend comme \u00e9tant la possibilit\u00e9 offerte aux internautes de demander \u00e0 ce que leurs renseignements personnels ne figurent plus, par exemple, dans une liste de diffusion.<\/p>\n<p><strong>Pour pouvoir exercer vos droits, vous pouvez nous contacter aux adresses suivantes :<\/strong><\/p>\n<p>T\u00e9l\u00e9phone : +225 27 22 49 14 10 <br \/>Mail : <a href=\"mailto:info@servitis.com\">info@servitis.com<\/a><\/p>\n<p><strong>Conservation<\/strong><\/p>\n<p>SERVITIS ne conserve vos donn\u00e9es que pour la dur\u00e9e n\u00e9cessaire aux op\u00e9rations pour lesquelles elles ont \u00e9t\u00e9 collect\u00e9es et dans le respect de la l\u00e9gislation en vigueur. Ainsi, nous sommes susceptibles de conserver vos donn\u00e9es m\u00eame si vous d\u00e9cidez de ne plus utiliser nos Services, pour nous conformer \u00e0 la l\u00e9gislation applicable ou pour d\u00e9fendre nos int\u00e9r\u00eats ou nos droits.<\/p>\n<p><strong>Protection des donn\u00e9es<\/strong><\/p>\n<p>SERVITIS utilise des mesures techniques, physiques et organisationnelles suivantes pour prot\u00e9ger vos donn\u00e9es personnelles contre toute destruction accidentelle ou illicite ou perte accidentelle, alt\u00e9ration, usage non autoris\u00e9, modification, divulgation ou acc\u00e8s non autoris\u00e9 et contre toute autre forme de traitement illicite.<\/p>\n<p><strong>S\u00e9curit\u00e9<\/strong><\/p>\n<p>Les renseignements personnels que nous collectons sont conserv\u00e9s dans un environnement s\u00e9curis\u00e9. Les personnes travaillant pour nous sont tenues de respecter la confidentialit\u00e9 de vos informations.<\/p>\n<p>Pour assurer la s\u00e9curit\u00e9 de vos renseignements personnels, nous avons recours aux mesures suivantes :<\/p>\n<ul>\n<li>Protocole SSL<\/li>\n<li>Sauvegarde informatique<\/li>\n<li>Pare-feu<\/li>\n<\/ul>\n<p>Nous nous engageons \u00e0 maintenir un haut degr\u00e9 de confidentialit\u00e9 en int\u00e9grant les derni\u00e8res innovations technologiques permettant d\u2019assurer la confidentialit\u00e9 de vos transactions. Toutefois, comme aucun m\u00e9canisme n\u2019offre une s\u00e9curit\u00e9 maximale, une part de risque est toujours pr\u00e9sente lorsque l\u2019on utilise Internet pour transmettre des renseignements personnels.<\/p>\n<p><strong>Lutte contre la cybercriminalit\u00e9<\/strong><\/p>\n<p>SERVITIS met en garde ses clients contre les effets pervers de la communication de leurs donn\u00e9es personnelles sur internet et d\u00e9cline toute responsabilit\u00e9 quant aux actes malveillants pos\u00e9s par les cyber-d\u00e9linquants \u00e0 leur d\u00e9triment au moyen desdites donn\u00e9es.<\/p>\n<p>Pour lutter contre la cybercriminalit\u00e9, notamment pour d\u00e9noncer les abus et fraudes divers subis par ses abonn\u00e9s via son site internet, vous pouvez nous \u00e9crire \u00e0 l\u2019adresse mail suivante <a href=\"mailto:info@servitis.com\">info@servitis.com<\/a><\/p>\n<p><strong>Contact<\/strong><\/p>\n<p>Pour toutes questions concernant notre Politique de confidentialit\u00e9, vous pouvez nous contacter en utilisant les coordonn\u00e9es suivantes :<\/p>\n<p>Site internet : <a href=\"https:\/\/servitis.com\">www.servitis.com<\/a><br \/>Mail : <a href=\"mailto:info@servitis.com\">info@servitis.com<\/a><br \/>T\u00e9l\u00e9phone : + 225 27 22 49 14 10<\/p>\n<p>Nos clients peuvent envoyer leurs questions concernant les probl\u00e8mes de protection des donn\u00e9es personnelles, de confidentialit\u00e9 et de s\u00e9curit\u00e9 \u00e0 notre Directeur technique <a href=\"mailto:jeanfrancois@servitis.com\">jeanfrancois@servitis.com<\/a><\/p>\n","protected":false},"excerpt":{"rendered":"<p>Introduction Votre vie priv\u00e9e est importante il est donc n\u00e9cessaire d\u2019y apporter une attention particuli\u00e8re \u00e0 sa protection et nous nous engageons \u00e0 la respecter. Notre Politique de confidentialit\u00e9 vous explique quelles informations nous recueillons, comment nous les utilisons, et conservons. Les donn\u00e9es que nous collectons Les renseignements personnels que nous collectons sont recueillis au [&hellip;]<\/p>\n","protected":false},"author":1,"featured_media":0,"parent":0,"menu_order":0,"comment_status":"closed","ping_status":"closed","template":"","meta":{"inline_featured_image":false,"site-sidebar-layout":"no-sidebar","site-content-layout":"page-builder","ast-site-content-layout":"default","site-content-style":"default","site-sidebar-style":"default","ast-global-header-display":"","ast-banner-title-visibility":"","ast-main-header-display":"","ast-hfb-above-header-display":"","ast-hfb-below-header-display":"","ast-hfb-mobile-header-display":"","site-post-title":"disabled","ast-breadcrumbs-content":"","ast-featured-img":"disabled","footer-sml-layout":"","ast-disable-related-posts":"","theme-transparent-header-meta":"default","adv-header-id-meta":"","stick-header-meta":"default","header-above-stick-meta":"","header-main-stick-meta":"","header-below-stick-meta":"","astra-migrate-meta-layouts":"default","ast-page-background-enabled":"default","ast-page-background-meta":{"desktop":{"background-color":"","background-image":"","background-repeat":"repeat","background-position":"center center","background-size":"auto","background-attachment":"scroll","background-type":"","background-media":"","overlay-type":"","overlay-color":"","overlay-opacity":"","overlay-gradient":""},"tablet":{"background-color":"","background-image":"","background-repeat":"repeat","background-position":"center center","background-size":"auto","background-attachment":"scroll","background-type":"","background-media":"","overlay-type":"","overlay-color":"","overlay-opacity":"","overlay-gradient":""},"mobile":{"background-color":"","background-image":"","background-repeat":"repeat","background-position":"center center","background-size":"auto","background-attachment":"scroll","background-type":"","background-media":"","overlay-type":"","overlay-color":"","overlay-opacity":"","overlay-gradient":""}},"ast-content-background-meta":{"desktop":{"background-color":"var(--ast-global-color-5)","background-image":"","background-repeat":"repeat","background-position":"center center","background-size":"auto","background-attachment":"scroll","background-type":"","background-media":"","overlay-type":"","overlay-color":"","overlay-opacity":"","overlay-gradient":""},"tablet":{"background-color":"var(--ast-global-color-5)","background-image":"","background-repeat":"repeat","background-position":"center center","background-size":"auto","background-attachment":"scroll","background-type":"","background-media":"","overlay-type":"","overlay-color":"","overlay-opacity":"","overlay-gradient":""},"mobile":{"background-color":"var(--ast-global-color-5)","background-image":"","background-repeat":"repeat","background-position":"center center","background-size":"auto","background-attachment":"scroll","background-type":"","background-media":"","overlay-type":"","overlay-color":"","overlay-opacity":"","overlay-gradient":""}},"footnotes":""},"class_list":["post-8159","page","type-page","status-publish","hentry"],"yoast_head":"<!-- This site is optimized with the Yoast SEO Premium plugin v26.5 (Yoast SEO v27.2) - https:\/\/yoast.com\/product\/yoast-seo-premium-wordpress\/ -->\n<title>politique de confidentialit\u00e9 - Servitis - Developpeur et int\u00e9grateur de solutions informatiques, Abidjan, Cote d\u2019Ivoire<\/title>\n<meta name=\"robots\" content=\"index, follow, max-snippet:-1, max-image-preview:large, max-video-preview:-1\" \/>\n<link rel=\"canonical\" href=\"https:\/\/servitis.com\/en\/politique-de-confidentialite\/\" \/>\n<meta property=\"og:locale\" content=\"en_GB\" \/>\n<meta property=\"og:type\" content=\"article\" \/>\n<meta property=\"og:title\" content=\"politique de confidentialit\u00e9\" \/>\n<meta property=\"og:description\" content=\"Introduction Votre vie priv\u00e9e est importante il est donc n\u00e9cessaire d\u2019y apporter une attention particuli\u00e8re \u00e0 sa protection et nous nous engageons \u00e0 la respecter. Notre Politique de confidentialit\u00e9 vous explique quelles informations nous recueillons, comment nous les utilisons, et conservons. Les donn\u00e9es que nous collectons Les renseignements personnels que nous collectons sont recueillis au [&hellip;]\" \/>\n<meta property=\"og:url\" content=\"https:\/\/servitis.com\/en\/politique-de-confidentialite\/\" \/>\n<meta property=\"og:site_name\" content=\"Servitis - Developpeur et int\u00e9grateur de solutions informatiques, Abidjan, Cote d\u2019Ivoire\" \/>\n<meta property=\"article:modified_time\" content=\"2021-08-26T12:17:13+00:00\" \/>\n<meta name=\"twitter:card\" content=\"summary_large_image\" \/>\n<meta name=\"twitter:label1\" content=\"Estimated reading time\" \/>\n\t<meta name=\"twitter:data1\" content=\"3 minutes\" \/>\n<script type=\"application\/ld+json\" class=\"yoast-schema-graph\">{\"@context\":\"https:\/\/schema.org\",\"@graph\":[{\"@type\":\"WebPage\",\"@id\":\"https:\/\/servitis.com\/politique-de-confidentialite\/\",\"url\":\"https:\/\/servitis.com\/politique-de-confidentialite\/\",\"name\":\"politique de confidentialit\u00e9 - Servitis - Developpeur et int\u00e9grateur de solutions informatiques, Abidjan, Cote d\u2019Ivoire\",\"isPartOf\":{\"@id\":\"https:\/\/servitis.com\/#website\"},\"datePublished\":\"2021-08-26T11:49:18+00:00\",\"dateModified\":\"2021-08-26T12:17:13+00:00\",\"breadcrumb\":{\"@id\":\"https:\/\/servitis.com\/politique-de-confidentialite\/#breadcrumb\"},\"inLanguage\":\"en-GB\",\"potentialAction\":[{\"@type\":\"ReadAction\",\"target\":[\"https:\/\/servitis.com\/politique-de-confidentialite\/\"]}]},{\"@type\":\"BreadcrumbList\",\"@id\":\"https:\/\/servitis.com\/politique-de-confidentialite\/#breadcrumb\",\"itemListElement\":[{\"@type\":\"ListItem\",\"position\":1,\"name\":\"Home\",\"item\":\"https:\/\/servitis.com\/\"},{\"@type\":\"ListItem\",\"position\":2,\"name\":\"politique de confidentialit\u00e9\"}]},{\"@type\":\"WebSite\",\"@id\":\"https:\/\/servitis.com\/#website\",\"url\":\"https:\/\/servitis.com\/\",\"name\":\"Servitis - Developpeur et int\u00e9grateur de solutions informatiques, Abidjan, Cote d\u2019Ivoire\",\"description\":\"Accueil\",\"publisher\":{\"@id\":\"https:\/\/servitis.com\/#organization\"},\"potentialAction\":[{\"@type\":\"SearchAction\",\"target\":{\"@type\":\"EntryPoint\",\"urlTemplate\":\"https:\/\/servitis.com\/?s={search_term_string}\"},\"query-input\":{\"@type\":\"PropertyValueSpecification\",\"valueRequired\":true,\"valueName\":\"search_term_string\"}}],\"inLanguage\":\"en-GB\"},{\"@type\":\"Organization\",\"@id\":\"https:\/\/servitis.com\/#organization\",\"name\":\"Servitis - Developpeur et int\u00e9grateur de solutions informatiques, Abidjan, Cote d\u2019Ivoire\",\"url\":\"https:\/\/servitis.com\/\",\"logo\":{\"@type\":\"ImageObject\",\"inLanguage\":\"en-GB\",\"@id\":\"https:\/\/servitis.com\/#\/schema\/logo\/image\/\",\"url\":\"https:\/\/servitis.com\/wp-content\/uploads\/2021\/06\/Servitis\u00ae.svg\",\"contentUrl\":\"https:\/\/servitis.com\/wp-content\/uploads\/2021\/06\/Servitis\u00ae.svg\",\"width\":141,\"height\":29,\"caption\":\"Servitis - Developpeur et int\u00e9grateur de solutions informatiques, Abidjan, Cote d\u2019Ivoire\"},\"image\":{\"@id\":\"https:\/\/servitis.com\/#\/schema\/logo\/image\/\"}}]}<\/script>\n<!-- \/ Yoast SEO Premium plugin. -->","yoast_head_json":{"title":"politique de confidentialit\u00e9 - Servitis - Developpeur et int\u00e9grateur de solutions informatiques, Abidjan, Cote d\u2019Ivoire","robots":{"index":"index","follow":"follow","max-snippet":"max-snippet:-1","max-image-preview":"max-image-preview:large","max-video-preview":"max-video-preview:-1"},"canonical":"https:\/\/servitis.com\/en\/politique-de-confidentialite\/","og_locale":"en_GB","og_type":"article","og_title":"politique de confidentialit\u00e9","og_description":"Introduction Votre vie priv\u00e9e est importante il est donc n\u00e9cessaire d\u2019y apporter une attention particuli\u00e8re \u00e0 sa protection et nous nous engageons \u00e0 la respecter. Notre Politique de confidentialit\u00e9 vous explique quelles informations nous recueillons, comment nous les utilisons, et conservons. Les donn\u00e9es que nous collectons Les renseignements personnels que nous collectons sont recueillis au [&hellip;]","og_url":"https:\/\/servitis.com\/en\/politique-de-confidentialite\/","og_site_name":"Servitis - Developpeur et int\u00e9grateur de solutions informatiques, Abidjan, Cote d\u2019Ivoire","article_modified_time":"2021-08-26T12:17:13+00:00","twitter_card":"summary_large_image","twitter_misc":{"Estimated reading time":"3 minutes"},"schema":{"@context":"https:\/\/schema.org","@graph":[{"@type":"WebPage","@id":"https:\/\/servitis.com\/politique-de-confidentialite\/","url":"https:\/\/servitis.com\/politique-de-confidentialite\/","name":"politique de confidentialit\u00e9 - Servitis - Developpeur et int\u00e9grateur de solutions informatiques, Abidjan, Cote d\u2019Ivoire","isPartOf":{"@id":"https:\/\/servitis.com\/#website"},"datePublished":"2021-08-26T11:49:18+00:00","dateModified":"2021-08-26T12:17:13+00:00","breadcrumb":{"@id":"https:\/\/servitis.com\/politique-de-confidentialite\/#breadcrumb"},"inLanguage":"en-GB","potentialAction":[{"@type":"ReadAction","target":["https:\/\/servitis.com\/politique-de-confidentialite\/"]}]},{"@type":"BreadcrumbList","@id":"https:\/\/servitis.com\/politique-de-confidentialite\/#breadcrumb","itemListElement":[{"@type":"ListItem","position":1,"name":"Home","item":"https:\/\/servitis.com\/"},{"@type":"ListItem","position":2,"name":"politique de confidentialit\u00e9"}]},{"@type":"WebSite","@id":"https:\/\/servitis.com\/#website","url":"https:\/\/servitis.com\/","name":"Servitis - Developpeur et int\u00e9grateur de solutions informatiques, Abidjan, Cote d\u2019Ivoire","description":"Accueil","publisher":{"@id":"https:\/\/servitis.com\/#organization"},"potentialAction":[{"@type":"SearchAction","target":{"@type":"EntryPoint","urlTemplate":"https:\/\/servitis.com\/?s={search_term_string}"},"query-input":{"@type":"PropertyValueSpecification","valueRequired":true,"valueName":"search_term_string"}}],"inLanguage":"en-GB"},{"@type":"Organization","@id":"https:\/\/servitis.com\/#organization","name":"Servitis - Developpeur et int\u00e9grateur de solutions informatiques, Abidjan, Cote d\u2019Ivoire","url":"https:\/\/servitis.com\/","logo":{"@type":"ImageObject","inLanguage":"en-GB","@id":"https:\/\/servitis.com\/#\/schema\/logo\/image\/","url":"https:\/\/servitis.com\/wp-content\/uploads\/2021\/06\/Servitis\u00ae.svg","contentUrl":"https:\/\/servitis.com\/wp-content\/uploads\/2021\/06\/Servitis\u00ae.svg","width":141,"height":29,"caption":"Servitis - Developpeur et int\u00e9grateur de solutions informatiques, Abidjan, Cote d\u2019Ivoire"},"image":{"@id":"https:\/\/servitis.com\/#\/schema\/logo\/image\/"}}]}},"_links":{"self":[{"href":"https:\/\/servitis.com\/en\/wp-json\/wp\/v2\/pages\/8159","targetHints":{"allow":["GET"]}}],"collection":[{"href":"https:\/\/servitis.com\/en\/wp-json\/wp\/v2\/pages"}],"about":[{"href":"https:\/\/servitis.com\/en\/wp-json\/wp\/v2\/types\/page"}],"author":[{"embeddable":true,"href":"https:\/\/servitis.com\/en\/wp-json\/wp\/v2\/users\/1"}],"replies":[{"embeddable":true,"href":"https:\/\/servitis.com\/en\/wp-json\/wp\/v2\/comments?post=8159"}],"version-history":[{"count":5,"href":"https:\/\/servitis.com\/en\/wp-json\/wp\/v2\/pages\/8159\/revisions"}],"predecessor-version":[{"id":10165,"href":"https:\/\/servitis.com\/en\/wp-json\/wp\/v2\/pages\/8159\/revisions\/10165"}],"wp:attachment":[{"href":"https:\/\/servitis.com\/en\/wp-json\/wp\/v2\/media?parent=8159"}],"curies":[{"name":"wp","href":"https:\/\/api.w.org\/{rel}","templated":true}]}}